{"id":19653,"date":"2025-06-13T11:33:38","date_gmt":"2025-06-13T11:33:38","guid":{"rendered":"https:\/\/www.sinpeks.com\/rs\/p\/bateriska-busilica-safun-21v\/"},"modified":"2026-01-13T11:13:01","modified_gmt":"2026-01-13T11:13:01","slug":"bateriska-busilica-safun-21v","status":"publish","type":"product","link":"https:\/\/www.sinpeks.com\/rs\/p\/bateriska-busilica-safun-21v\/","title":{"rendered":"Bateriska Bu\u0161ilica Safun 21V"},"content":{"rendered":"<p>Bateriska Bu\u0161ilica Safun sa futrolom za skladi\u0161tenje, opremljena sa 2 baterije.<\/p>\n","protected":false},"excerpt":{"rendered":"<p>Bateriska Bu\u0161ilica Safun sa futrolom za skladi\u0161tenje, opremljena sa 2 baterije.<\/p>\n","protected":false},"featured_media":19754,"comment_status":"open","ping_status":"closed","template":"","meta":{"_acf_changed":false},"product_cat":[3760],"product_tag":[],"class_list":{"0":"post-19653","1":"product","2":"type-product","3":"status-publish","4":"has-post-thumbnail","6":"product_cat-alati","7":"pa_b-safun","8":"pa_market-ba","9":"pa_market-mk","10":"pa_market-rs","11":"pa_napon-21v","12":"pa_obrtni-moment-25-nm","14":"first","15":"instock","16":"sale","17":"taxable","18":"shipping-taxable","19":"purchasable","20":"product-type-simple"},"acf":[],"seolaxy_ctr_woo_product_custom_meta_description_content":"","_links":{"self":[{"href":"https:\/\/www.sinpeks.com\/rs\/wp-json\/wp\/v2\/product\/19653","targetHints":{"allow":["GET"]}}],"collection":[{"href":"https:\/\/www.sinpeks.com\/rs\/wp-json\/wp\/v2\/product"}],"about":[{"href":"https:\/\/www.sinpeks.com\/rs\/wp-json\/wp\/v2\/types\/product"}],"replies":[{"embeddable":true,"href":"https:\/\/www.sinpeks.com\/rs\/wp-json\/wp\/v2\/comments?post=19653"}],"wp:featuredmedia":[{"embeddable":true,"href":"https:\/\/www.sinpeks.com\/rs\/wp-json\/wp\/v2\/media\/19754"}],"wp:attachment":[{"href":"https:\/\/www.sinpeks.com\/rs\/wp-json\/wp\/v2\/media?parent=19653"}],"wp:term":[{"taxonomy":"product_cat","embeddable":true,"href":"https:\/\/www.sinpeks.com\/rs\/wp-json\/wp\/v2\/product_cat?post=19653"},{"taxonomy":"product_tag","embeddable":true,"href":"https:\/\/www.sinpeks.com\/rs\/wp-json\/wp\/v2\/product_tag?post=19653"}],"curies":[{"name":"wp","href":"https:\/\/api.w.org\/{rel}","templated":true}]}}