{"id":19650,"date":"2025-06-13T11:33:37","date_gmt":"2025-06-13T11:33:37","guid":{"rendered":"https:\/\/www.sinpeks.com\/rs\/p\/%d0%b5lektricna-dizalica-eeht5002-emtop\/"},"modified":"2026-05-16T01:03:16","modified_gmt":"2026-05-16T01:03:16","slug":"%d0%b5lektricna-dizalica-eeht5002-emtop","status":"publish","type":"product","link":"https:\/\/www.sinpeks.com\/rs\/p\/%d0%b5lektricna-dizalica-eeht5002-emtop\/","title":{"rendered":"\u0415lektri\u010dna dizalica EEHT5002 Emtop"},"content":{"rendered":"<p>\u0415lektri\u010dna dizalica\u00a0 EEHT5002 Emtop opremljena prekida\u010dem za hitno zaustavljanje, termi\u010dki za\u0161ti\u0107enim terminalom i novo\u00a0za\u0161ti\u0442\u0435 IP54 .<\/p>\n<p>Napomena: Uti\u010dnica je bez rama.<\/p>\n","protected":false},"excerpt":{"rendered":"<p>\u0415lektri\u010dna dizalica\u00a0 EEHT5002 Emtop opremljena prekida\u010dem za hitno zaustavljanje, termi\u010dki za\u0161ti\u0107enim terminalom i novo\u00a0za\u0161ti\u0442\u0435 IP54 . Napomena: Uti\u010dnica je bez rama.<\/p>\n","protected":false},"featured_media":19759,"comment_status":"open","ping_status":"closed","template":"","meta":{"_acf_changed":false},"product_cat":[189,5293],"product_tag":[],"class_list":{"0":"post-19650","1":"product","2":"type-product","3":"status-publish","4":"has-post-thumbnail","6":"product_cat-elektricni-alati","7":"product_cat-emtop-akcija","8":"product_shipping_class-alati-masine-makedonija","9":"pa_b-emtop","10":"pa_market-ba","11":"pa_market-mk","12":"pa_market-rs","13":"pa_max-kapacitet-dizanja-500-kg-sa-jednom-sajlom-999-kg-sa-2-sajle","14":"pa_napon-220-240v50hz-monofazni","15":"pa_visina-dizanja-18-m-sa-jednom-sajlom-9-m-sa-2-sajle","17":"first","18":"instock","19":"sale","20":"taxable","21":"shipping-taxable","22":"purchasable","23":"product-type-simple"},"acf":[],"seolaxy_ctr_woo_product_custom_meta_description_content":"","_links":{"self":[{"href":"https:\/\/www.sinpeks.com\/rs\/wp-json\/wp\/v2\/product\/19650","targetHints":{"allow":["GET"]}}],"collection":[{"href":"https:\/\/www.sinpeks.com\/rs\/wp-json\/wp\/v2\/product"}],"about":[{"href":"https:\/\/www.sinpeks.com\/rs\/wp-json\/wp\/v2\/types\/product"}],"replies":[{"embeddable":true,"href":"https:\/\/www.sinpeks.com\/rs\/wp-json\/wp\/v2\/comments?post=19650"}],"wp:featuredmedia":[{"embeddable":true,"href":"https:\/\/www.sinpeks.com\/rs\/wp-json\/wp\/v2\/media\/19759"}],"wp:attachment":[{"href":"https:\/\/www.sinpeks.com\/rs\/wp-json\/wp\/v2\/media?parent=19650"}],"wp:term":[{"taxonomy":"product_cat","embeddable":true,"href":"https:\/\/www.sinpeks.com\/rs\/wp-json\/wp\/v2\/product_cat?post=19650"},{"taxonomy":"product_tag","embeddable":true,"href":"https:\/\/www.sinpeks.com\/rs\/wp-json\/wp\/v2\/product_tag?post=19650"}],"curies":[{"name":"wp","href":"https:\/\/api.w.org\/{rel}","templated":true}]}}