{"id":19648,"date":"2025-06-13T11:33:37","date_gmt":"2025-06-13T11:33:37","guid":{"rendered":"https:\/\/www.sinpeks.com\/rs\/p\/pistolj-za-lepak-eggu3001-emtop\/"},"modified":"2026-04-23T09:25:08","modified_gmt":"2026-04-23T09:25:08","slug":"pistolj-za-lepak-eggu3001-emtop","status":"publish","type":"product","link":"https:\/\/www.sinpeks.com\/rs\/p\/pistolj-za-lepak-eggu3001-emtop\/","title":{"rendered":"Pi\u0161tolj za lepak EGGU3001 Emtop"},"content":{"rendered":"<p>Elektri\u010dni pi\u0161tolj za lepak sa lepkom pre\u010dnika 11,2mm ( 031280) .<\/p>\n","protected":false},"excerpt":{"rendered":"<p>Elektri\u010dni pi\u0161tolj za lepak sa lepkom pre\u010dnika 11,2mm ( 031280) .<\/p>\n","protected":false},"featured_media":19757,"comment_status":"open","ping_status":"closed","template":"","meta":{"_acf_changed":false},"product_cat":[3760,5293],"product_tag":[],"class_list":{"0":"post-19648","1":"product","2":"type-product","3":"status-publish","4":"has-post-thumbnail","6":"product_cat-alati","7":"product_cat-emtop-akcija","8":"product_shipping_class-alati-masine-srbija","9":"pa_b-emtop","10":"pa_market-ba","11":"pa_market-mk","12":"pa_market-rs","13":"pa_napon-220-240v50-60hz","15":"first","16":"instock","17":"sale","18":"taxable","19":"shipping-taxable","20":"purchasable","21":"product-type-simple"},"acf":[],"seolaxy_ctr_woo_product_custom_meta_description_content":"","_links":{"self":[{"href":"https:\/\/www.sinpeks.com\/rs\/wp-json\/wp\/v2\/product\/19648","targetHints":{"allow":["GET"]}}],"collection":[{"href":"https:\/\/www.sinpeks.com\/rs\/wp-json\/wp\/v2\/product"}],"about":[{"href":"https:\/\/www.sinpeks.com\/rs\/wp-json\/wp\/v2\/types\/product"}],"replies":[{"embeddable":true,"href":"https:\/\/www.sinpeks.com\/rs\/wp-json\/wp\/v2\/comments?post=19648"}],"wp:featuredmedia":[{"embeddable":true,"href":"https:\/\/www.sinpeks.com\/rs\/wp-json\/wp\/v2\/media\/19757"}],"wp:attachment":[{"href":"https:\/\/www.sinpeks.com\/rs\/wp-json\/wp\/v2\/media?parent=19648"}],"wp:term":[{"taxonomy":"product_cat","embeddable":true,"href":"https:\/\/www.sinpeks.com\/rs\/wp-json\/wp\/v2\/product_cat?post=19648"},{"taxonomy":"product_tag","embeddable":true,"href":"https:\/\/www.sinpeks.com\/rs\/wp-json\/wp\/v2\/product_tag?post=19648"}],"curies":[{"name":"wp","href":"https:\/\/api.w.org\/{rel}","templated":true}]}}