{"id":19647,"date":"2025-06-13T11:33:36","date_gmt":"2025-06-13T11:33:36","guid":{"rendered":"https:\/\/www.sinpeks.com\/rs\/p\/mesac-emksr14001-emtop\/"},"modified":"2026-05-14T11:53:38","modified_gmt":"2026-05-14T11:53:38","slug":"mesac-emksr14001-emtop","status":"publish","type":"product","link":"https:\/\/www.sinpeks.com\/rs\/p\/mesac-emksr14001-emtop\/","title":{"rendered":"Me\u0161a\u010d EMKSR14001 Emtop"},"content":{"rendered":"<p>Elektri\u010dni mikser (Me\u0161a\u010d) EMKSR14001 Emtop sa integrisanim radnim svetlom i aluminijumskim ku\u0107i\u0161tem.<\/p>\n","protected":false},"excerpt":{"rendered":"<p>Elektri\u010dni mikser (Me\u0161a\u010d) EMKSR14001 Emtop sa integrisanim radnim svetlom i aluminijumskim ku\u0107i\u0161tem.<\/p>\n","protected":false},"featured_media":19762,"comment_status":"open","ping_status":"closed","template":"","meta":{"_acf_changed":false},"product_cat":[3760,5293],"product_tag":[],"class_list":{"0":"post-19647","1":"product","2":"type-product","3":"status-publish","4":"has-post-thumbnail","6":"product_cat-alati","7":"product_cat-emtop-akcija","8":"product_shipping_class-alati-masine-srbija","9":"pa_b-emtop","10":"pa_market-ba","11":"pa_market-mk","12":"pa_market-rs","14":"first","15":"instock","16":"sale","17":"taxable","18":"shipping-taxable","19":"purchasable","20":"product-type-simple"},"acf":[],"seolaxy_ctr_woo_product_custom_meta_description_content":"","_links":{"self":[{"href":"https:\/\/www.sinpeks.com\/rs\/wp-json\/wp\/v2\/product\/19647","targetHints":{"allow":["GET"]}}],"collection":[{"href":"https:\/\/www.sinpeks.com\/rs\/wp-json\/wp\/v2\/product"}],"about":[{"href":"https:\/\/www.sinpeks.com\/rs\/wp-json\/wp\/v2\/types\/product"}],"replies":[{"embeddable":true,"href":"https:\/\/www.sinpeks.com\/rs\/wp-json\/wp\/v2\/comments?post=19647"}],"wp:featuredmedia":[{"embeddable":true,"href":"https:\/\/www.sinpeks.com\/rs\/wp-json\/wp\/v2\/media\/19762"}],"wp:attachment":[{"href":"https:\/\/www.sinpeks.com\/rs\/wp-json\/wp\/v2\/media?parent=19647"}],"wp:term":[{"taxonomy":"product_cat","embeddable":true,"href":"https:\/\/www.sinpeks.com\/rs\/wp-json\/wp\/v2\/product_cat?post=19647"},{"taxonomy":"product_tag","embeddable":true,"href":"https:\/\/www.sinpeks.com\/rs\/wp-json\/wp\/v2\/product_tag?post=19647"}],"curies":[{"name":"wp","href":"https:\/\/api.w.org\/{rel}","templated":true}]}}