{"id":19646,"date":"2025-06-13T11:33:36","date_gmt":"2025-06-13T11:33:36","guid":{"rendered":"https:\/\/www.sinpeks.com\/rs\/p\/%d0%b5lektricni-pistolj-rasprsivac-boje-esgn35001-emtop\/"},"modified":"2026-05-14T07:25:33","modified_gmt":"2026-05-14T07:25:33","slug":"elektricni-pistolj-rasprsivac-boje-esgn35001-emtop","status":"publish","type":"product","link":"https:\/\/www.sinpeks.com\/rs\/p\/elektricni-pistolj-rasprsivac-boje-esgn35001-emtop\/","title":{"rendered":"Elektri\u010dni (pi\u0161tolj) raspr\u0161iva\u010d boje ESGN35001 Emtop"},"content":{"rendered":"<p>Elektri\u010dni pi\u0161tolj za farbanje sa pritiskom prskanja od 0,1-0,2 bara.<\/p>\n","protected":false},"excerpt":{"rendered":"<p>Elektri\u010dni pi\u0161tolj za farbanje sa pritiskom prskanja od 0,1-0,2 bara.<\/p>\n","protected":false},"featured_media":19760,"comment_status":"open","ping_status":"closed","template":"","meta":{"_acf_changed":false},"product_cat":[3760,5293],"product_tag":[],"class_list":{"0":"post-19646","1":"product","2":"type-product","3":"status-publish","4":"has-post-thumbnail","6":"product_cat-alati","7":"product_cat-emtop-akcija","8":"product_shipping_class-alati-masine-srbija","9":"pa_b-emtop","10":"pa_market-ba","11":"pa_market-mk","12":"pa_market-rs","13":"pa_napon-220-240v50-60hz","15":"first","16":"instock","17":"sale","18":"taxable","19":"shipping-taxable","20":"purchasable","21":"product-type-simple"},"acf":[],"seolaxy_ctr_woo_product_custom_meta_description_content":"","_links":{"self":[{"href":"https:\/\/www.sinpeks.com\/rs\/wp-json\/wp\/v2\/product\/19646","targetHints":{"allow":["GET"]}}],"collection":[{"href":"https:\/\/www.sinpeks.com\/rs\/wp-json\/wp\/v2\/product"}],"about":[{"href":"https:\/\/www.sinpeks.com\/rs\/wp-json\/wp\/v2\/types\/product"}],"replies":[{"embeddable":true,"href":"https:\/\/www.sinpeks.com\/rs\/wp-json\/wp\/v2\/comments?post=19646"}],"wp:featuredmedia":[{"embeddable":true,"href":"https:\/\/www.sinpeks.com\/rs\/wp-json\/wp\/v2\/media\/19760"}],"wp:attachment":[{"href":"https:\/\/www.sinpeks.com\/rs\/wp-json\/wp\/v2\/media?parent=19646"}],"wp:term":[{"taxonomy":"product_cat","embeddable":true,"href":"https:\/\/www.sinpeks.com\/rs\/wp-json\/wp\/v2\/product_cat?post=19646"},{"taxonomy":"product_tag","embeddable":true,"href":"https:\/\/www.sinpeks.com\/rs\/wp-json\/wp\/v2\/product_tag?post=19646"}],"curies":[{"name":"wp","href":"https:\/\/api.w.org\/{rel}","templated":true}]}}