{"id":19642,"date":"2025-06-13T11:33:35","date_gmt":"2025-06-13T11:33:35","guid":{"rendered":"https:\/\/www.sinpeks.com\/rs\/p\/elektricni-pistolj-za-lemljenje-emtop-eesl4010\/"},"modified":"2026-05-04T21:31:21","modified_gmt":"2026-05-04T21:31:21","slug":"elektricni-pistolj-za-lemljenje-emtop-eesl4010","status":"publish","type":"product","link":"https:\/\/www.sinpeks.com\/rs\/p\/elektricni-pistolj-za-lemljenje-emtop-eesl4010\/","title":{"rendered":"Elektri\u010dni pi\u0161tolj za lemljenje Emtop EESL4010"},"content":{"rendered":"<p>Elektri\u010dni pi\u0161tolj za lemljenje, snage 40V, pogodan za amatersku upotrebu.<\/p>\n","protected":false},"excerpt":{"rendered":"<p>Elektri\u010dni pi\u0161tolj za lemljenje, snage 40V, pogodan za amatersku upotrebu.<\/p>\n","protected":false},"featured_media":19763,"comment_status":"open","ping_status":"closed","template":"","meta":{"_acf_changed":false},"product_cat":[3760,5293],"product_tag":[],"class_list":{"0":"post-19642","1":"product","2":"type-product","3":"status-publish","4":"has-post-thumbnail","6":"product_cat-alati","7":"product_cat-emtop-akcija","8":"product_shipping_class-alati-masine-srbija","9":"pa_b-emtop","10":"pa_market-ba","11":"pa_market-mk","12":"pa_market-rs","13":"pa_napon-220-240v-50-60hz","15":"first","16":"instock","17":"sale","18":"taxable","19":"shipping-taxable","20":"purchasable","21":"product-type-simple"},"acf":[],"seolaxy_ctr_woo_product_custom_meta_description_content":"","_links":{"self":[{"href":"https:\/\/www.sinpeks.com\/rs\/wp-json\/wp\/v2\/product\/19642","targetHints":{"allow":["GET"]}}],"collection":[{"href":"https:\/\/www.sinpeks.com\/rs\/wp-json\/wp\/v2\/product"}],"about":[{"href":"https:\/\/www.sinpeks.com\/rs\/wp-json\/wp\/v2\/types\/product"}],"replies":[{"embeddable":true,"href":"https:\/\/www.sinpeks.com\/rs\/wp-json\/wp\/v2\/comments?post=19642"}],"wp:featuredmedia":[{"embeddable":true,"href":"https:\/\/www.sinpeks.com\/rs\/wp-json\/wp\/v2\/media\/19763"}],"wp:attachment":[{"href":"https:\/\/www.sinpeks.com\/rs\/wp-json\/wp\/v2\/media?parent=19642"}],"wp:term":[{"taxonomy":"product_cat","embeddable":true,"href":"https:\/\/www.sinpeks.com\/rs\/wp-json\/wp\/v2\/product_cat?post=19642"},{"taxonomy":"product_tag","embeddable":true,"href":"https:\/\/www.sinpeks.com\/rs\/wp-json\/wp\/v2\/product_tag?post=19642"}],"curies":[{"name":"wp","href":"https:\/\/api.w.org\/{rel}","templated":true}]}}