{"id":19639,"date":"2025-06-13T11:33:33","date_gmt":"2025-06-13T11:33:33","guid":{"rendered":"https:\/\/www.sinpeks.com\/rs\/p\/fen-za-vruci-vazduh-2000w-ehgn20078-emtop\/"},"modified":"2026-05-05T12:05:45","modified_gmt":"2026-05-05T12:05:45","slug":"fen-za-vruci-vazduh-2000w-ehgn20078-emtop","status":"publish","type":"product","link":"https:\/\/www.sinpeks.com\/rs\/p\/fen-za-vruci-vazduh-2000w-ehgn20078-emtop\/","title":{"rendered":"Fen za vru\u0107i vazduh 2000W EHGN20078 Emtop"},"content":{"rendered":"<p>Fen za vru\u0107i vazduh 2000W EHGN20078 Emtop sa mogu\u0107no\u0161\u0107u regulacije topline duvanja na 3 nivoa. Dolazi u kompletu sa 3 dizne i struga\u010dem.<\/p>\n","protected":false},"excerpt":{"rendered":"<p>Fen za vru\u0107i vazduh 2000W EHGN20078 Emtop sa mogu\u0107no\u0161\u0107u regulacije topline duvanja na 3 nivoa. Dolazi u kompletu sa 3 dizne i struga\u010dem.<\/p>\n","protected":false},"featured_media":19768,"comment_status":"open","ping_status":"closed","template":"","meta":{"_acf_changed":false},"product_cat":[3760,5293],"product_tag":[],"class_list":{"0":"post-19639","1":"product","2":"type-product","3":"status-publish","4":"has-post-thumbnail","6":"product_cat-alati","7":"product_cat-emtop-akcija","8":"product_shipping_class-alati-masine-srbija","9":"pa_b-emtop","10":"pa_market-ba","11":"pa_market-mk","12":"pa_market-rs","13":"pa_napon-220-240v50-60hz","15":"first","16":"instock","17":"sale","18":"taxable","19":"shipping-taxable","20":"purchasable","21":"product-type-simple"},"acf":[],"seolaxy_ctr_woo_product_custom_meta_description_content":"","_links":{"self":[{"href":"https:\/\/www.sinpeks.com\/rs\/wp-json\/wp\/v2\/product\/19639","targetHints":{"allow":["GET"]}}],"collection":[{"href":"https:\/\/www.sinpeks.com\/rs\/wp-json\/wp\/v2\/product"}],"about":[{"href":"https:\/\/www.sinpeks.com\/rs\/wp-json\/wp\/v2\/types\/product"}],"replies":[{"embeddable":true,"href":"https:\/\/www.sinpeks.com\/rs\/wp-json\/wp\/v2\/comments?post=19639"}],"wp:featuredmedia":[{"embeddable":true,"href":"https:\/\/www.sinpeks.com\/rs\/wp-json\/wp\/v2\/media\/19768"}],"wp:attachment":[{"href":"https:\/\/www.sinpeks.com\/rs\/wp-json\/wp\/v2\/media?parent=19639"}],"wp:term":[{"taxonomy":"product_cat","embeddable":true,"href":"https:\/\/www.sinpeks.com\/rs\/wp-json\/wp\/v2\/product_cat?post=19639"},{"taxonomy":"product_tag","embeddable":true,"href":"https:\/\/www.sinpeks.com\/rs\/wp-json\/wp\/v2\/product_tag?post=19639"}],"curies":[{"name":"wp","href":"https:\/\/api.w.org\/{rel}","templated":true}]}}