{"id":19636,"date":"2025-06-13T11:33:31","date_gmt":"2025-06-13T11:33:31","guid":{"rendered":"https:\/\/www.sinpeks.com\/rs\/p\/%d0%b5lektricna-nagibna-stona-testera-emsv2180017-emtop\/"},"modified":"2026-05-04T21:41:45","modified_gmt":"2026-05-04T21:41:45","slug":"elektricna-nagibna-stona-testera-emsv2180017-emtop","status":"publish","type":"product","link":"https:\/\/www.sinpeks.com\/rs\/p\/elektricna-nagibna-stona-testera-emsv2180017-emtop\/","title":{"rendered":"\u0415lektri\u010dna nagibna stona testera EMSV2180017 Emtop"},"content":{"rendered":"<p>\u0415lektri\u010dna nagibna stona testera EMSV2180017 Emtop sa pre\u010dnikom diska od 255 mm i velikim kapacitetom se\u010denja. Dolazi u kompletu sa diskom za se\u010denje, kesom za pra\u0161inu i kompletom rezervnih \u010detkice.<\/p>\n","protected":false},"excerpt":{"rendered":"<p>\u0415lektri\u010dna nagibna stona testera EMSV2180017 Emtop sa pre\u010dnikom diska od 255 mm i velikim kapacitetom se\u010denja. Dolazi u kompletu sa diskom za se\u010denje, kesom za pra\u0161inu i kompletom rezervnih \u010detkice.<\/p>\n","protected":false},"featured_media":19774,"comment_status":"open","ping_status":"closed","template":"","meta":{"_acf_changed":false},"product_cat":[3760,5293],"product_tag":[],"class_list":{"0":"post-19636","1":"product","2":"type-product","3":"status-publish","4":"has-post-thumbnail","6":"product_cat-alati","7":"product_cat-emtop-akcija","8":"product_shipping_class-alati-masine-makedonija","9":"pa_b-emtop","10":"pa_market-ba","11":"pa_market-mk","12":"pa_market-rs","13":"pa_napon-220-240v50-60hz","14":"pa_precnik-diska-255-mm","16":"first","17":"outofstock","18":"sale","19":"taxable","20":"shipping-taxable","21":"purchasable","22":"product-type-simple"},"acf":[],"seolaxy_ctr_woo_product_custom_meta_description_content":"","_links":{"self":[{"href":"https:\/\/www.sinpeks.com\/rs\/wp-json\/wp\/v2\/product\/19636","targetHints":{"allow":["GET"]}}],"collection":[{"href":"https:\/\/www.sinpeks.com\/rs\/wp-json\/wp\/v2\/product"}],"about":[{"href":"https:\/\/www.sinpeks.com\/rs\/wp-json\/wp\/v2\/types\/product"}],"replies":[{"embeddable":true,"href":"https:\/\/www.sinpeks.com\/rs\/wp-json\/wp\/v2\/comments?post=19636"}],"wp:featuredmedia":[{"embeddable":true,"href":"https:\/\/www.sinpeks.com\/rs\/wp-json\/wp\/v2\/media\/19774"}],"wp:attachment":[{"href":"https:\/\/www.sinpeks.com\/rs\/wp-json\/wp\/v2\/media?parent=19636"}],"wp:term":[{"taxonomy":"product_cat","embeddable":true,"href":"https:\/\/www.sinpeks.com\/rs\/wp-json\/wp\/v2\/product_cat?post=19636"},{"taxonomy":"product_tag","embeddable":true,"href":"https:\/\/www.sinpeks.com\/rs\/wp-json\/wp\/v2\/product_tag?post=19636"}],"curies":[{"name":"wp","href":"https:\/\/api.w.org\/{rel}","templated":true}]}}