{"id":19634,"date":"2025-06-13T11:33:30","date_gmt":"2025-06-13T11:33:30","guid":{"rendered":"https:\/\/www.sinpeks.com\/rs\/p\/cirkular-185mm-emtop-ecsw1852\/"},"modified":"2026-05-11T06:25:38","modified_gmt":"2026-05-11T06:25:38","slug":"cirkular-185mm-emtop-ecsw1852","status":"publish","type":"product","link":"https:\/\/www.sinpeks.com\/rs\/p\/cirkular-185mm-emtop-ecsw1852\/","title":{"rendered":"Cirkular 185mm Emtop ECSW1852"},"content":{"rendered":"<p>Elektri\u010dna kru\u017ena testera sa podesivom dubinom i uglom se\u010denja. Dolazi sa diskom od 185 mm i setom rezervnih \u010detkica.<\/p>\n","protected":false},"excerpt":{"rendered":"<p>Elektri\u010dna kru\u017ena testera sa podesivom dubinom i uglom se\u010denja. Dolazi sa diskom od 185 mm i setom rezervnih \u010detkica.<\/p>\n","protected":false},"featured_media":19775,"comment_status":"open","ping_status":"closed","template":"","meta":{"_acf_changed":false},"product_cat":[3760,5293],"product_tag":[],"class_list":{"0":"post-19634","1":"product","2":"type-product","3":"status-publish","4":"has-post-thumbnail","6":"product_cat-alati","7":"product_cat-emtop-akcija","8":"product_shipping_class-alati-masine-srbija","9":"pa_b-emtop","10":"pa_market-ba","11":"pa_market-mk","12":"pa_market-rs","13":"pa_precnik-diska-185-mm","15":"first","16":"instock","17":"sale","18":"taxable","19":"shipping-taxable","20":"purchasable","21":"product-type-simple"},"acf":[],"seolaxy_ctr_woo_product_custom_meta_description_content":"","_links":{"self":[{"href":"https:\/\/www.sinpeks.com\/rs\/wp-json\/wp\/v2\/product\/19634","targetHints":{"allow":["GET"]}}],"collection":[{"href":"https:\/\/www.sinpeks.com\/rs\/wp-json\/wp\/v2\/product"}],"about":[{"href":"https:\/\/www.sinpeks.com\/rs\/wp-json\/wp\/v2\/types\/product"}],"replies":[{"embeddable":true,"href":"https:\/\/www.sinpeks.com\/rs\/wp-json\/wp\/v2\/comments?post=19634"}],"wp:featuredmedia":[{"embeddable":true,"href":"https:\/\/www.sinpeks.com\/rs\/wp-json\/wp\/v2\/media\/19775"}],"wp:attachment":[{"href":"https:\/\/www.sinpeks.com\/rs\/wp-json\/wp\/v2\/media?parent=19634"}],"wp:term":[{"taxonomy":"product_cat","embeddable":true,"href":"https:\/\/www.sinpeks.com\/rs\/wp-json\/wp\/v2\/product_cat?post=19634"},{"taxonomy":"product_tag","embeddable":true,"href":"https:\/\/www.sinpeks.com\/rs\/wp-json\/wp\/v2\/product_tag?post=19634"}],"curies":[{"name":"wp","href":"https:\/\/api.w.org\/{rel}","templated":true}]}}