{"id":19633,"date":"2025-06-13T11:33:30","date_gmt":"2025-06-13T11:33:30","guid":{"rendered":"https:\/\/www.sinpeks.com\/rs\/p\/potezna-kombinirana-testera-emsw18007-emtop\/"},"modified":"2026-05-04T21:34:43","modified_gmt":"2026-05-04T21:34:43","slug":"potezna-kombinirana-testera-emsw18007-emtop","status":"publish","type":"product","link":"https:\/\/www.sinpeks.com\/rs\/p\/potezna-kombinirana-testera-emsw18007-emtop\/","title":{"rendered":"Potezna kombinirana testera EMSW18007 Emtop"},"content":{"rendered":"<p>Potezna kombinovana testera Emtop EMSW18007 sa pre\u010dnikom se\u010diva od 255 mm i visokim kapacitetom se\u010denja. Dolazi sa se\u010divom za se\u010denje, kesom za pra\u0161inu i setom rezervnih \u010detkica.<\/p>\n","protected":false},"excerpt":{"rendered":"<p>Potezna kombinovana testera Emtop EMSW18007 sa pre\u010dnikom se\u010diva od 255 mm i visokim kapacitetom se\u010denja. Dolazi sa se\u010divom za se\u010denje, kesom za pra\u0161inu i setom rezervnih \u010detkica.<\/p>\n","protected":false},"featured_media":19777,"comment_status":"open","ping_status":"closed","template":"","meta":{"_acf_changed":false},"product_cat":[3760,5293],"product_tag":[],"class_list":{"0":"post-19633","1":"product","2":"type-product","3":"status-publish","4":"has-post-thumbnail","6":"product_cat-alati","7":"product_cat-emtop-akcija","8":"product_shipping_class-alati-masine-makedonija","9":"pa_b-emtop","10":"pa_market-ba","11":"pa_market-mk","12":"pa_market-rs","13":"pa_napon-220-240v50-60hz","14":"pa_precnik-diska-255-mm","16":"first","17":"instock","18":"sale","19":"taxable","20":"shipping-taxable","21":"purchasable","22":"product-type-simple"},"acf":[],"seolaxy_ctr_woo_product_custom_meta_description_content":"","_links":{"self":[{"href":"https:\/\/www.sinpeks.com\/rs\/wp-json\/wp\/v2\/product\/19633","targetHints":{"allow":["GET"]}}],"collection":[{"href":"https:\/\/www.sinpeks.com\/rs\/wp-json\/wp\/v2\/product"}],"about":[{"href":"https:\/\/www.sinpeks.com\/rs\/wp-json\/wp\/v2\/types\/product"}],"replies":[{"embeddable":true,"href":"https:\/\/www.sinpeks.com\/rs\/wp-json\/wp\/v2\/comments?post=19633"}],"wp:featuredmedia":[{"embeddable":true,"href":"https:\/\/www.sinpeks.com\/rs\/wp-json\/wp\/v2\/media\/19777"}],"wp:attachment":[{"href":"https:\/\/www.sinpeks.com\/rs\/wp-json\/wp\/v2\/media?parent=19633"}],"wp:term":[{"taxonomy":"product_cat","embeddable":true,"href":"https:\/\/www.sinpeks.com\/rs\/wp-json\/wp\/v2\/product_cat?post=19633"},{"taxonomy":"product_tag","embeddable":true,"href":"https:\/\/www.sinpeks.com\/rs\/wp-json\/wp\/v2\/product_tag?post=19633"}],"curies":[{"name":"wp","href":"https:\/\/api.w.org\/{rel}","templated":true}]}}