{"id":19601,"date":"2025-06-13T11:33:17","date_gmt":"2025-06-13T11:33:17","guid":{"rendered":"https:\/\/www.sinpeks.com\/rs\/p\/%d0%b5lektricni-cekic-za-rusenje-edbrh1701-emtop\/"},"modified":"2026-05-11T11:59:11","modified_gmt":"2026-05-11T11:59:11","slug":"elektricni-cekic-za-rusenje-edbrh1701-emtop","status":"publish","type":"product","link":"https:\/\/www.sinpeks.com\/rs\/p\/elektricni-cekic-za-rusenje-edbrh1701-emtop\/","title":{"rendered":"Elektri\u010dni \u010deki\u0107 za ru\u0161enje EDBRH1701 Emtop"},"content":{"rendered":"<p>Sna\u017ean elektri\u010dni \u010deki\u0107 za ru\u0161enje od 16 kg EDBRH1701 Emtop. Ima HEX prihvat za alat. Dolazi u kompletu sa 2 dleta, kompletom rezervnih \u010detki i koferom za skladi\u0161tenje i transport.<\/p>\n","protected":false},"excerpt":{"rendered":"<p>Sna\u017ean elektri\u010dni \u010deki\u0107 za ru\u0161enje od 16 kg EDBRH1701 Emtop. Ima HEX prihvat za alat. Dolazi u kompletu sa 2 dleta, kompletom rezervnih \u010detki i koferom za skladi\u0161tenje i transport.<\/p>\n","protected":false},"featured_media":19808,"comment_status":"open","ping_status":"closed","template":"","meta":{"_acf_changed":false},"product_cat":[3760,5293],"product_tag":[],"class_list":{"0":"post-19601","1":"product","2":"type-product","3":"status-publish","4":"has-post-thumbnail","6":"product_cat-alati","7":"product_cat-emtop-akcija","8":"product_shipping_class-alati-masine-makedonija","9":"pa_b-emtop","10":"pa_energija-udarca-45-j","11":"pa_market-ba","12":"pa_market-mk","13":"pa_market-rs","14":"pa_napon-220-240v50-60hz","16":"first","17":"outofstock","18":"sale","19":"taxable","20":"shipping-taxable","21":"purchasable","22":"product-type-simple"},"acf":[],"seolaxy_ctr_woo_product_custom_meta_description_content":"","_links":{"self":[{"href":"https:\/\/www.sinpeks.com\/rs\/wp-json\/wp\/v2\/product\/19601","targetHints":{"allow":["GET"]}}],"collection":[{"href":"https:\/\/www.sinpeks.com\/rs\/wp-json\/wp\/v2\/product"}],"about":[{"href":"https:\/\/www.sinpeks.com\/rs\/wp-json\/wp\/v2\/types\/product"}],"replies":[{"embeddable":true,"href":"https:\/\/www.sinpeks.com\/rs\/wp-json\/wp\/v2\/comments?post=19601"}],"wp:featuredmedia":[{"embeddable":true,"href":"https:\/\/www.sinpeks.com\/rs\/wp-json\/wp\/v2\/media\/19808"}],"wp:attachment":[{"href":"https:\/\/www.sinpeks.com\/rs\/wp-json\/wp\/v2\/media?parent=19601"}],"wp:term":[{"taxonomy":"product_cat","embeddable":true,"href":"https:\/\/www.sinpeks.com\/rs\/wp-json\/wp\/v2\/product_cat?post=19601"},{"taxonomy":"product_tag","embeddable":true,"href":"https:\/\/www.sinpeks.com\/rs\/wp-json\/wp\/v2\/product_tag?post=19601"}],"curies":[{"name":"wp","href":"https:\/\/api.w.org\/{rel}","templated":true}]}}