{"id":19598,"date":"2025-06-13T11:33:15","date_gmt":"2025-06-13T11:33:15","guid":{"rendered":"https:\/\/www.sinpeks.com\/rs\/p\/elektricni-cekic-edbrh1301-emtop\/"},"modified":"2026-05-07T12:55:49","modified_gmt":"2026-05-07T12:55:49","slug":"elektricni-cekic-edbrh1301-emtop","status":"publish","type":"product","link":"https:\/\/www.sinpeks.com\/rs\/p\/elektricni-cekic-edbrh1301-emtop\/","title":{"rendered":"Elektri\u010dni \u010deki\u0107 EDBRH1301 Emtop"},"content":{"rendered":"<p>Elektri\u010dni \u010dekic\u0301 za ru\u0161enje EDBRH1301 Emtop od 7 kg sa udarnom silom od 20 J i snagom od 1300 W. Dolazi u kompletu sa 2 dleta, setom rezervnih \u010detkica i kutijom za skladi\u0161tenje i transport.<\/p>\n","protected":false},"excerpt":{"rendered":"<p>Elektri\u010dni \u010dekic\u0301 za ru\u0161enje EDBRH1301 Emtop od 7 kg sa udarnom silom od 20 J i snagom od 1300 W. Dolazi u kompletu sa 2 dleta, setom rezervnih \u010detkica i kutijom za skladi\u0161tenje i transport.<\/p>\n","protected":false},"featured_media":19815,"comment_status":"open","ping_status":"closed","template":"","meta":{"_acf_changed":false},"product_cat":[3760,5293],"product_tag":[],"class_list":{"0":"post-19598","1":"product","2":"type-product","3":"status-publish","4":"has-post-thumbnail","6":"product_cat-alati","7":"product_cat-emtop-akcija","8":"product_shipping_class-alati-masine-srbija","9":"pa_b-emtop","10":"pa_energija-udarca-20-j","11":"pa_market-ba","12":"pa_market-mk","13":"pa_market-rs","14":"pa_napon-220-240v50-60hz","16":"first","17":"instock","18":"sale","19":"taxable","20":"shipping-taxable","21":"purchasable","22":"product-type-simple"},"acf":[],"seolaxy_ctr_woo_product_custom_meta_description_content":"","_links":{"self":[{"href":"https:\/\/www.sinpeks.com\/rs\/wp-json\/wp\/v2\/product\/19598","targetHints":{"allow":["GET"]}}],"collection":[{"href":"https:\/\/www.sinpeks.com\/rs\/wp-json\/wp\/v2\/product"}],"about":[{"href":"https:\/\/www.sinpeks.com\/rs\/wp-json\/wp\/v2\/types\/product"}],"replies":[{"embeddable":true,"href":"https:\/\/www.sinpeks.com\/rs\/wp-json\/wp\/v2\/comments?post=19598"}],"wp:featuredmedia":[{"embeddable":true,"href":"https:\/\/www.sinpeks.com\/rs\/wp-json\/wp\/v2\/media\/19815"}],"wp:attachment":[{"href":"https:\/\/www.sinpeks.com\/rs\/wp-json\/wp\/v2\/media?parent=19598"}],"wp:term":[{"taxonomy":"product_cat","embeddable":true,"href":"https:\/\/www.sinpeks.com\/rs\/wp-json\/wp\/v2\/product_cat?post=19598"},{"taxonomy":"product_tag","embeddable":true,"href":"https:\/\/www.sinpeks.com\/rs\/wp-json\/wp\/v2\/product_tag?post=19598"}],"curies":[{"name":"wp","href":"https:\/\/api.w.org\/{rel}","templated":true}]}}