{"id":19588,"date":"2025-06-13T11:33:12","date_gmt":"2025-06-13T11:33:12","guid":{"rendered":"https:\/\/www.sinpeks.com\/rs\/p\/%d0%b5lektricna-udarna-busilica-emdl1101-emtop\/"},"modified":"2026-05-16T00:49:32","modified_gmt":"2026-05-16T00:49:32","slug":"%d0%b5lektricna-udarna-busilica-emdl1101-emtop","status":"publish","type":"product","link":"https:\/\/www.sinpeks.com\/rs\/p\/%d0%b5lektricna-udarna-busilica-emdl1101-emtop\/","title":{"rendered":"\u0415lektri\u010dna udarna bu\u0161ilica EMDL1101 Emtop"},"content":{"rendered":"<p>Elektri\u010dna udarna bu\u0161ilica EMDL1101 Emtop sa snagom od 1100 W i funkcijom udarca. Napon: 220-240V~50\/60Hz<\/p>\n","protected":false},"excerpt":{"rendered":"<p>Elektri\u010dna udarna bu\u0161ilica EMDL1101 Emtop sa snagom od 1100 W i funkcijom udarca. Napon: 220-240V~50\/60Hz<\/p>\n","protected":false},"featured_media":19825,"comment_status":"open","ping_status":"closed","template":"","meta":{"_acf_changed":false},"product_cat":[3760,5293],"product_tag":[],"class_list":{"0":"post-19588","1":"product","2":"type-product","3":"status-publish","4":"has-post-thumbnail","6":"product_cat-alati","7":"product_cat-emtop-akcija","8":"product_shipping_class-alati-masine-srbija","9":"pa_b-emtop","10":"pa_market-ba","11":"pa_market-mk","12":"pa_market-rs","14":"first","15":"instock","16":"sale","17":"taxable","18":"shipping-taxable","19":"purchasable","20":"product-type-simple"},"acf":[],"seolaxy_ctr_woo_product_custom_meta_description_content":"","_links":{"self":[{"href":"https:\/\/www.sinpeks.com\/rs\/wp-json\/wp\/v2\/product\/19588","targetHints":{"allow":["GET"]}}],"collection":[{"href":"https:\/\/www.sinpeks.com\/rs\/wp-json\/wp\/v2\/product"}],"about":[{"href":"https:\/\/www.sinpeks.com\/rs\/wp-json\/wp\/v2\/types\/product"}],"replies":[{"embeddable":true,"href":"https:\/\/www.sinpeks.com\/rs\/wp-json\/wp\/v2\/comments?post=19588"}],"wp:featuredmedia":[{"embeddable":true,"href":"https:\/\/www.sinpeks.com\/rs\/wp-json\/wp\/v2\/media\/19825"}],"wp:attachment":[{"href":"https:\/\/www.sinpeks.com\/rs\/wp-json\/wp\/v2\/media?parent=19588"}],"wp:term":[{"taxonomy":"product_cat","embeddable":true,"href":"https:\/\/www.sinpeks.com\/rs\/wp-json\/wp\/v2\/product_cat?post=19588"},{"taxonomy":"product_tag","embeddable":true,"href":"https:\/\/www.sinpeks.com\/rs\/wp-json\/wp\/v2\/product_tag?post=19588"}],"curies":[{"name":"wp","href":"https:\/\/api.w.org\/{rel}","templated":true}]}}