{"id":19585,"date":"2025-06-13T11:33:11","date_gmt":"2025-06-13T11:33:11","guid":{"rendered":"https:\/\/www.sinpeks.com\/rs\/p\/elektricna-busilica-edps01301-emtop\/"},"modified":"2026-05-04T21:34:43","modified_gmt":"2026-05-04T21:34:43","slug":"elektricna-busilica-edps01301-emtop","status":"publish","type":"product","link":"https:\/\/www.sinpeks.com\/rs\/p\/elektricna-busilica-edps01301-emtop\/","title":{"rendered":"Elektri\u010dna bu\u0161ilica EDPS01301 Emtop"},"content":{"rendered":"<p>Elektri\u010dna bu\u0161ilica EDPS01301 Emtop sa maksimalnim kapacitetom bu\u0161enja od 13 mm i podesivom radnom povr\u0161inom. Brzina vretena se mo\u017ee podesiti na 5 nivoa. Dimenzije radne plo\u010de: 160mm x 160mm. Dimenzije osnove: 291mm x 183mm<\/p>\n","protected":false},"excerpt":{"rendered":"<p>Elektri\u010dna bu\u0161ilica EDPS01301 Emtop sa maksimalnim kapacitetom bu\u0161enja od 13 mm i podesivom radnom povr\u0161inom. Brzina vretena se mo\u017ee podesiti na 5 nivoa. Dimenzije radne plo\u010de: 160mm x 160mm. Dimenzije osnove: 291mm x 183mm<\/p>\n","protected":false},"featured_media":19828,"comment_status":"open","ping_status":"closed","template":"","meta":{"_acf_changed":false},"product_cat":[3760,5293],"product_tag":[],"class_list":{"0":"post-19585","1":"product","2":"type-product","3":"status-publish","4":"has-post-thumbnail","6":"product_cat-alati","7":"product_cat-emtop-akcija","8":"product_shipping_class-alati-masine-makedonija","9":"pa_b-emtop","10":"pa_market-ba","11":"pa_market-mk","12":"pa_market-rs","14":"first","15":"outofstock","16":"sale","17":"taxable","18":"shipping-taxable","19":"purchasable","20":"product-type-simple"},"acf":[],"seolaxy_ctr_woo_product_custom_meta_description_content":"","_links":{"self":[{"href":"https:\/\/www.sinpeks.com\/rs\/wp-json\/wp\/v2\/product\/19585","targetHints":{"allow":["GET"]}}],"collection":[{"href":"https:\/\/www.sinpeks.com\/rs\/wp-json\/wp\/v2\/product"}],"about":[{"href":"https:\/\/www.sinpeks.com\/rs\/wp-json\/wp\/v2\/types\/product"}],"replies":[{"embeddable":true,"href":"https:\/\/www.sinpeks.com\/rs\/wp-json\/wp\/v2\/comments?post=19585"}],"wp:featuredmedia":[{"embeddable":true,"href":"https:\/\/www.sinpeks.com\/rs\/wp-json\/wp\/v2\/media\/19828"}],"wp:attachment":[{"href":"https:\/\/www.sinpeks.com\/rs\/wp-json\/wp\/v2\/media?parent=19585"}],"wp:term":[{"taxonomy":"product_cat","embeddable":true,"href":"https:\/\/www.sinpeks.com\/rs\/wp-json\/wp\/v2\/product_cat?post=19585"},{"taxonomy":"product_tag","embeddable":true,"href":"https:\/\/www.sinpeks.com\/rs\/wp-json\/wp\/v2\/product_tag?post=19585"}],"curies":[{"name":"wp","href":"https:\/\/api.w.org\/{rel}","templated":true}]}}