{"id":19289,"date":"2025-05-26T13:19:47","date_gmt":"2025-05-26T13:19:47","guid":{"rendered":"https:\/\/www.sinpeks.com\/rs\/p\/vibro-igla-iec-45-230-5-profi\/"},"modified":"2026-01-13T12:15:58","modified_gmt":"2026-01-13T12:15:58","slug":"vibro-igla-iec-45-230-5-profi","status":"publish","type":"product","link":"https:\/\/www.sinpeks.com\/rs\/p\/vibro-igla-iec-45-230-5-profi\/","title":{"rendered":"Vibro igla IEC 45\/230\/5- Profi"},"content":{"rendered":"<p>Elektri\u010dni unutra\u0161nji vibrator sa integrisanim frekventnim pretvara\u010dem za u\u010dvr\u0161c\u0301ivanje betona. Du\u017eina za\u0161titnog creva 5 m. Jednostavno rukovanje, \u0161irok spektar moguc\u0301nosti, nepropusnost kuc\u0301i\u0161ta &#8211; to su prednosti IEC serije. Imaju visoku frekvenciju na radu i odli\u010dan su izbor u kategoriji cena-performanse.<\/p>\n","protected":false},"excerpt":{"rendered":"<p>Elektri\u010dni unutra\u0161nji vibrator sa integrisanim frekventnim pretvara\u010dem za u\u010dvr\u0161c\u0301ivanje betona. Du\u017eina za\u0161titnog creva 5 m. Jednostavno rukovanje, \u0161irok spektar moguc\u0301nosti, nepropusnost kuc\u0301i\u0161ta &#8211; to su prednosti IEC serije. Imaju visoku frekvenciju na radu i odli\u010dan su izbor u kategoriji cena-performanse.<\/p>\n","protected":false},"featured_media":19301,"comment_status":"open","ping_status":"closed","template":"","meta":{"_acf_changed":false},"product_cat":[156],"product_tag":[],"class_list":{"0":"post-19289","1":"product","2":"type-product","3":"status-publish","4":"has-post-thumbnail","6":"product_cat-vibro-igle","7":"product_shipping_class-ostale-kategorije-makedonija","8":"pa_b-wacker-neuson","9":"pa_duzina-creva-5-m","10":"pa_efektivni-precnik-sabijanja-50-cm","11":"pa_market-ba","12":"pa_market-mk","13":"pa_market-rs","14":"pa_napon-230-v-50hz","15":"pa_precnik-vibro-glave-45-mm","17":"first","18":"instock","19":"taxable","20":"shipping-taxable","21":"purchasable","22":"product-type-simple"},"acf":[],"seolaxy_ctr_woo_product_custom_meta_description_content":"","_links":{"self":[{"href":"https:\/\/www.sinpeks.com\/rs\/wp-json\/wp\/v2\/product\/19289","targetHints":{"allow":["GET"]}}],"collection":[{"href":"https:\/\/www.sinpeks.com\/rs\/wp-json\/wp\/v2\/product"}],"about":[{"href":"https:\/\/www.sinpeks.com\/rs\/wp-json\/wp\/v2\/types\/product"}],"replies":[{"embeddable":true,"href":"https:\/\/www.sinpeks.com\/rs\/wp-json\/wp\/v2\/comments?post=19289"}],"wp:featuredmedia":[{"embeddable":true,"href":"https:\/\/www.sinpeks.com\/rs\/wp-json\/wp\/v2\/media\/19301"}],"wp:attachment":[{"href":"https:\/\/www.sinpeks.com\/rs\/wp-json\/wp\/v2\/media?parent=19289"}],"wp:term":[{"taxonomy":"product_cat","embeddable":true,"href":"https:\/\/www.sinpeks.com\/rs\/wp-json\/wp\/v2\/product_cat?post=19289"},{"taxonomy":"product_tag","embeddable":true,"href":"https:\/\/www.sinpeks.com\/rs\/wp-json\/wp\/v2\/product_tag?post=19289"}],"curies":[{"name":"wp","href":"https:\/\/api.w.org\/{rel}","templated":true}]}}