{"id":19288,"date":"2025-05-26T13:19:45","date_gmt":"2025-05-26T13:19:45","guid":{"rendered":"https:\/\/www.sinpeks.com\/rs\/p\/vibro-igla-ie-45-42-5-prof\/"},"modified":"2026-01-13T11:27:12","modified_gmt":"2026-01-13T11:27:12","slug":"vibro-igla-ie-45-42-5-prof","status":"publish","type":"product","link":"https:\/\/www.sinpeks.com\/rs\/p\/vibro-igla-ie-45-42-5-prof\/","title":{"rendered":"Vibro igla IE 45\/42\/5 &#8211; Prof."},"content":{"rendered":"<p>Karakteristi\u010dna prednost Wacker Neuson IE serije je visokofrekventni elektromotor. Kao rezultat toga, posti\u017eu tako dobre rezultate pri sabijanju betona. Udoban rad obezbe\u0111uje udobno napravljeno kuc\u0301i\u0161te.<\/p>\n","protected":false},"excerpt":{"rendered":"<p>Karakteristi\u010dna prednost Wacker Neuson IE serije je visokofrekventni elektromotor. Kao rezultat toga, posti\u017eu tako dobre rezultate pri sabijanju betona. Udoban rad obezbe\u0111uje udobno napravljeno kuc\u0301i\u0161te.<\/p>\n","protected":false},"featured_media":19303,"comment_status":"open","ping_status":"closed","template":"","meta":{"_acf_changed":false},"product_cat":[156],"product_tag":[],"class_list":{"0":"post-19288","1":"product","2":"type-product","3":"status-publish","4":"has-post-thumbnail","6":"product_cat-vibro-igle","7":"product_shipping_class-ostale-kategorije-makedonija","8":"pa_b-wacker-neuson","9":"pa_duzina-creva-5-m","10":"pa_efektivni-precnik-sabijanja-45-cm","11":"pa_market-ba","12":"pa_market-mk","13":"pa_market-rs","14":"pa_napon-42-v-200-hz","15":"pa_precnik-vibro-glave-45-mm","17":"first","18":"outofstock","19":"sale","20":"taxable","21":"shipping-taxable","22":"purchasable","23":"product-type-simple"},"acf":[],"seolaxy_ctr_woo_product_custom_meta_description_content":"","_links":{"self":[{"href":"https:\/\/www.sinpeks.com\/rs\/wp-json\/wp\/v2\/product\/19288","targetHints":{"allow":["GET"]}}],"collection":[{"href":"https:\/\/www.sinpeks.com\/rs\/wp-json\/wp\/v2\/product"}],"about":[{"href":"https:\/\/www.sinpeks.com\/rs\/wp-json\/wp\/v2\/types\/product"}],"replies":[{"embeddable":true,"href":"https:\/\/www.sinpeks.com\/rs\/wp-json\/wp\/v2\/comments?post=19288"}],"wp:featuredmedia":[{"embeddable":true,"href":"https:\/\/www.sinpeks.com\/rs\/wp-json\/wp\/v2\/media\/19303"}],"wp:attachment":[{"href":"https:\/\/www.sinpeks.com\/rs\/wp-json\/wp\/v2\/media?parent=19288"}],"wp:term":[{"taxonomy":"product_cat","embeddable":true,"href":"https:\/\/www.sinpeks.com\/rs\/wp-json\/wp\/v2\/product_cat?post=19288"},{"taxonomy":"product_tag","embeddable":true,"href":"https:\/\/www.sinpeks.com\/rs\/wp-json\/wp\/v2\/product_tag?post=19288"}],"curies":[{"name":"wp","href":"https:\/\/api.w.org\/{rel}","templated":true}]}}