{"id":19286,"date":"2025-05-26T13:19:39","date_gmt":"2025-05-26T13:19:39","guid":{"rendered":"https:\/\/www.sinpeks.com\/rs\/p\/vibro-igla-iren-45-42-5-pro\/"},"modified":"2026-01-13T10:57:13","modified_gmt":"2026-01-13T10:57:13","slug":"vibro-igla-iren-45-42-5-pro","status":"publish","type":"product","link":"https:\/\/www.sinpeks.com\/rs\/p\/vibro-igla-iren-45-42-5-pro\/","title":{"rendered":"Vibro igla IREN 45\/42\/5 &#8211; Pro"},"content":{"rendered":"<p>Elektri\u010dni visokofrekventni unutra\u0161nji vibrator za pouzdane performanse pri konsolidaciji betona. Du\u017eina za\u0161titnog creva 5 m. Vibratori ove serije karakteri\u0161u visoka efikasnost i dug vek trajanja. Dobro rade u najzahtevnijim radnim uslovima gde je pouzdanost klju\u010dni element.<\/p>\n","protected":false},"excerpt":{"rendered":"<p>Elektri\u010dni visokofrekventni unutra\u0161nji vibrator za pouzdane performanse pri konsolidaciji betona. Du\u017eina za\u0161titnog creva 5 m. Vibratori ove serije karakteri\u0161u visoka efikasnost i dug vek trajanja. Dobro rade u najzahtevnijim radnim uslovima gde je pouzdanost klju\u010dni element.<\/p>\n","protected":false},"featured_media":19305,"comment_status":"open","ping_status":"closed","template":"","meta":{"_acf_changed":false},"product_cat":[156],"product_tag":[],"class_list":{"0":"post-19286","1":"product","2":"type-product","3":"status-publish","4":"has-post-thumbnail","6":"product_cat-vibro-igle","7":"product_shipping_class-ostale-kategorije-makedonija","8":"pa_b-wacker-neuson","9":"pa_duzina-creva-5-m","10":"pa_efektivni-precnik-sabijanja-60-cm","11":"pa_market-ba","12":"pa_market-mk","13":"pa_market-rs","14":"pa_napon-42-v-200-hz","15":"pa_precnik-vibro-glave-45-mm","17":"first","18":"outofstock","19":"sale","20":"taxable","21":"shipping-taxable","22":"purchasable","23":"product-type-simple"},"acf":[],"seolaxy_ctr_woo_product_custom_meta_description_content":"","_links":{"self":[{"href":"https:\/\/www.sinpeks.com\/rs\/wp-json\/wp\/v2\/product\/19286","targetHints":{"allow":["GET"]}}],"collection":[{"href":"https:\/\/www.sinpeks.com\/rs\/wp-json\/wp\/v2\/product"}],"about":[{"href":"https:\/\/www.sinpeks.com\/rs\/wp-json\/wp\/v2\/types\/product"}],"replies":[{"embeddable":true,"href":"https:\/\/www.sinpeks.com\/rs\/wp-json\/wp\/v2\/comments?post=19286"}],"wp:featuredmedia":[{"embeddable":true,"href":"https:\/\/www.sinpeks.com\/rs\/wp-json\/wp\/v2\/media\/19305"}],"wp:attachment":[{"href":"https:\/\/www.sinpeks.com\/rs\/wp-json\/wp\/v2\/media?parent=19286"}],"wp:term":[{"taxonomy":"product_cat","embeddable":true,"href":"https:\/\/www.sinpeks.com\/rs\/wp-json\/wp\/v2\/product_cat?post=19286"},{"taxonomy":"product_tag","embeddable":true,"href":"https:\/\/www.sinpeks.com\/rs\/wp-json\/wp\/v2\/product_tag?post=19286"}],"curies":[{"name":"wp","href":"https:\/\/api.w.org\/{rel}","templated":true}]}}