{"id":19284,"date":"2025-05-26T13:19:34","date_gmt":"2025-05-26T13:19:34","guid":{"rendered":"https:\/\/www.sinpeks.com\/rs\/p\/vibro-igla-irfu-38-230-5\/"},"modified":"2026-01-13T10:39:06","modified_gmt":"2026-01-13T10:39:06","slug":"vibro-igla-irfu-38-230-5","status":"publish","type":"product","link":"https:\/\/www.sinpeks.com\/rs\/p\/vibro-igla-irfu-38-230-5\/","title":{"rendered":"Vibro igla IRFU 38\/230\/5"},"content":{"rendered":"<p>Vibratori serije IRFU odlikuju se jednostavno\u0161c\u0301u upotrebe zbog moguc\u0301nosti povezivanja na jednofazni izvor napajanja. Jednostavno re\u010deno, izuzetno fleksibilni. Visokofrekventni unutra\u0161nji vibratori serije IRFU karakteri\u0161u se pre svega jednom karakteristikom: Jednostavno se povezuju na jednofazni izvor napajanja i spremni su za rad. Brzi, jednostavni, fleksibilni. Idealni za samostalan rad.<\/p>\n","protected":false},"excerpt":{"rendered":"<p>Vibratori serije IRFU odlikuju se jednostavno\u0161c\u0301u upotrebe zbog moguc\u0301nosti povezivanja na jednofazni izvor napajanja. Jednostavno re\u010deno, izuzetno fleksibilni. Visokofrekventni unutra\u0161nji vibratori serije IRFU karakteri\u0161u se pre svega jednom karakteristikom: Jednostavno se povezuju na jednofazni izvor napajanja i spremni su za rad. Brzi, jednostavni, fleksibilni. Idealni za samostalan rad.<\/p>\n","protected":false},"featured_media":19307,"comment_status":"open","ping_status":"closed","template":"","meta":{"_acf_changed":false},"product_cat":[156],"product_tag":[],"class_list":{"0":"post-19284","1":"product","2":"type-product","3":"status-publish","4":"has-post-thumbnail","6":"product_cat-vibro-igle","7":"product_shipping_class-ostale-kategorije-makedonija","8":"pa_b-wacker-neuson","9":"pa_duzina-creva-5-m","10":"pa_efektivni-precnik-sabijanja-50-cm","11":"pa_market-ba","12":"pa_market-mk","13":"pa_market-rs","14":"pa_napon-230-v-50hz","15":"pa_precnik-vibro-glave-38-mm","17":"first","18":"instock","19":"sale","20":"taxable","21":"shipping-taxable","22":"purchasable","23":"product-type-simple"},"acf":[],"seolaxy_ctr_woo_product_custom_meta_description_content":"","_links":{"self":[{"href":"https:\/\/www.sinpeks.com\/rs\/wp-json\/wp\/v2\/product\/19284","targetHints":{"allow":["GET"]}}],"collection":[{"href":"https:\/\/www.sinpeks.com\/rs\/wp-json\/wp\/v2\/product"}],"about":[{"href":"https:\/\/www.sinpeks.com\/rs\/wp-json\/wp\/v2\/types\/product"}],"replies":[{"embeddable":true,"href":"https:\/\/www.sinpeks.com\/rs\/wp-json\/wp\/v2\/comments?post=19284"}],"wp:featuredmedia":[{"embeddable":true,"href":"https:\/\/www.sinpeks.com\/rs\/wp-json\/wp\/v2\/media\/19307"}],"wp:attachment":[{"href":"https:\/\/www.sinpeks.com\/rs\/wp-json\/wp\/v2\/media?parent=19284"}],"wp:term":[{"taxonomy":"product_cat","embeddable":true,"href":"https:\/\/www.sinpeks.com\/rs\/wp-json\/wp\/v2\/product_cat?post=19284"},{"taxonomy":"product_tag","embeddable":true,"href":"https:\/\/www.sinpeks.com\/rs\/wp-json\/wp\/v2\/product_tag?post=19284"}],"curies":[{"name":"wp","href":"https:\/\/api.w.org\/{rel}","templated":true}]}}