{"id":19283,"date":"2025-05-26T13:19:29","date_gmt":"2025-05-26T13:19:29","guid":{"rendered":"https:\/\/www.sinpeks.com\/rs\/p\/vibro-igla-iren-65-42-5-pro\/"},"modified":"2026-04-01T13:02:21","modified_gmt":"2026-04-01T13:02:21","slug":"vibro-igla-iren-65-42-5-pro","status":"publish","type":"product","link":"https:\/\/www.sinpeks.com\/rs\/p\/vibro-igla-iren-65-42-5-pro\/","title":{"rendered":"Vibro igla IREN 65\/42\/5 &#8211; Pro"},"content":{"rendered":"<p>IREN serija: Visokofrekventni unutra\u0161nji vibratori za prvoklasne rezultate zbijanja betona. Produktivnost i dug vek trajanja: to su izvanredne karakteristike Wacker Neuson IREN serije. \u010cak i pod te\u0161kim uslovima primene, ovi visokofrekventni unutra\u0161nji vibratori c\u0301e vas uveriti konstantno visokim performansama zbijanja u svakom pogledu.<\/p>\n","protected":false},"excerpt":{"rendered":"<p>IREN serija: Visokofrekventni unutra\u0161nji vibratori za prvoklasne rezultate zbijanja betona. Produktivnost i dug vek trajanja: to su izvanredne karakteristike Wacker Neuson IREN serije. \u010cak i pod te\u0161kim uslovima primene, ovi visokofrekventni unutra\u0161nji vibratori c\u0301e vas uveriti konstantno visokim performansama zbijanja u svakom pogledu.<\/p>\n","protected":false},"featured_media":19308,"comment_status":"open","ping_status":"closed","template":"","meta":{"_acf_changed":false},"product_cat":[156],"product_tag":[],"class_list":{"0":"post-19283","1":"product","2":"type-product","3":"status-publish","4":"has-post-thumbnail","6":"product_cat-vibro-igle","7":"product_shipping_class-ostale-kategorije-makedonija","8":"pa_b-wacker-neuson","9":"pa_duzina-creva-5-m","10":"pa_efektivni-precnik-sabijanja-100-cm","11":"pa_market-ba","12":"pa_market-mk","13":"pa_market-rs","14":"pa_napon-42-v-200-hz","15":"pa_precnik-vibro-glave-65-mm","17":"first","18":"instock","19":"sale","20":"taxable","21":"shipping-taxable","22":"purchasable","23":"product-type-simple"},"acf":[],"seolaxy_ctr_woo_product_custom_meta_description_content":"","_links":{"self":[{"href":"https:\/\/www.sinpeks.com\/rs\/wp-json\/wp\/v2\/product\/19283","targetHints":{"allow":["GET"]}}],"collection":[{"href":"https:\/\/www.sinpeks.com\/rs\/wp-json\/wp\/v2\/product"}],"about":[{"href":"https:\/\/www.sinpeks.com\/rs\/wp-json\/wp\/v2\/types\/product"}],"replies":[{"embeddable":true,"href":"https:\/\/www.sinpeks.com\/rs\/wp-json\/wp\/v2\/comments?post=19283"}],"wp:featuredmedia":[{"embeddable":true,"href":"https:\/\/www.sinpeks.com\/rs\/wp-json\/wp\/v2\/media\/19308"}],"wp:attachment":[{"href":"https:\/\/www.sinpeks.com\/rs\/wp-json\/wp\/v2\/media?parent=19283"}],"wp:term":[{"taxonomy":"product_cat","embeddable":true,"href":"https:\/\/www.sinpeks.com\/rs\/wp-json\/wp\/v2\/product_cat?post=19283"},{"taxonomy":"product_tag","embeddable":true,"href":"https:\/\/www.sinpeks.com\/rs\/wp-json\/wp\/v2\/product_tag?post=19283"}],"curies":[{"name":"wp","href":"https:\/\/api.w.org\/{rel}","templated":true}]}}