{"id":18892,"date":"2025-05-22T10:01:37","date_gmt":"2025-05-22T10:01:37","guid":{"rendered":"https:\/\/www.sinpeks.com\/rs\/p\/snezni-plug-za-prednji-utovarac\/"},"modified":"2026-01-21T12:04:17","modified_gmt":"2026-01-21T12:04:17","slug":"snezni-plug-za-prednji-utovarac","status":"publish","type":"product","link":"https:\/\/www.sinpeks.com\/rs\/p\/snezni-plug-za-prednji-utovarac\/","title":{"rendered":"Sne\u017eni plug za prednji utovara\u010d"},"content":{"rendered":"<p>Daska za \u010di\u0161c\u0301enje snega turskog proizvo\u0111a\u010da Demirsan.<\/p>\n","protected":false},"excerpt":{"rendered":"<p>Daska za \u010di\u0161c\u0301enje snega turskog proizvo\u0111a\u010da Demirsan.<\/p>\n","protected":false},"featured_media":18947,"comment_status":"open","ping_status":"closed","template":"","meta":{"_acf_changed":false},"product_cat":[97],"product_tag":[],"class_list":{"0":"post-18892","1":"product","2":"type-product","3":"status-publish","4":"has-post-thumbnail","6":"product_cat-prednji-utovarivaci","7":"product_shipping_class-ostale-kategorije-makedonija","8":"pa_b-demirsan-ziraat","9":"pa_market-ba","10":"pa_market-mk","11":"pa_market-rs","12":"pa_radna-sirina-200-cm","14":"first","15":"instock","16":"sale","17":"taxable","18":"shipping-taxable","19":"purchasable","20":"product-type-simple"},"acf":[],"seolaxy_ctr_woo_product_custom_meta_description_content":"","_links":{"self":[{"href":"https:\/\/www.sinpeks.com\/rs\/wp-json\/wp\/v2\/product\/18892","targetHints":{"allow":["GET"]}}],"collection":[{"href":"https:\/\/www.sinpeks.com\/rs\/wp-json\/wp\/v2\/product"}],"about":[{"href":"https:\/\/www.sinpeks.com\/rs\/wp-json\/wp\/v2\/types\/product"}],"replies":[{"embeddable":true,"href":"https:\/\/www.sinpeks.com\/rs\/wp-json\/wp\/v2\/comments?post=18892"}],"wp:featuredmedia":[{"embeddable":true,"href":"https:\/\/www.sinpeks.com\/rs\/wp-json\/wp\/v2\/media\/18947"}],"wp:attachment":[{"href":"https:\/\/www.sinpeks.com\/rs\/wp-json\/wp\/v2\/media?parent=18892"}],"wp:term":[{"taxonomy":"product_cat","embeddable":true,"href":"https:\/\/www.sinpeks.com\/rs\/wp-json\/wp\/v2\/product_cat?post=18892"},{"taxonomy":"product_tag","embeddable":true,"href":"https:\/\/www.sinpeks.com\/rs\/wp-json\/wp\/v2\/product_tag?post=18892"}],"curies":[{"name":"wp","href":"https:\/\/api.w.org\/{rel}","templated":true}]}}