{"id":18891,"date":"2025-05-22T10:01:34","date_gmt":"2025-05-22T10:01:34","guid":{"rendered":"https:\/\/www.sinpeks.com\/rs\/p\/masina-za-tresanje-visnja-sc904r\/"},"modified":"2026-03-02T07:45:52","modified_gmt":"2026-03-02T07:45:52","slug":"masina-za-tresanje-visnja-sc904r","status":"publish","type":"product","link":"https:\/\/www.sinpeks.com\/rs\/p\/masina-za-tresanje-visnja-sc904r\/","title":{"rendered":"Ma\u0161ina za tresanje vi\u0161nja SC904R"},"content":{"rendered":"<p>Ma\u0161ina za tresanje SC904R je pogodna za branje vi\u0161anja i drugog voc\u0301a poput \u0161ljiva, tre\u0161anja i oraha; to je lagana i moc\u0301na ma\u0161ina, pogodna i za profesionalnu i za amatersku, ali zahtevnu upotrebu.<\/p>\n","protected":false},"excerpt":{"rendered":"<p>Ma\u0161ina za tresanje SC904R je pogodna za branje vi\u0161anja i drugog voc\u0301a poput \u0161ljiva, tre\u0161anja i oraha; to je lagana i moc\u0301na ma\u0161ina, pogodna i za profesionalnu i za amatersku, ali zahtevnu upotrebu.<\/p>\n","protected":false},"featured_media":18960,"comment_status":"open","ping_status":"closed","template":"","meta":{"_acf_changed":false},"product_cat":[193],"product_tag":[],"class_list":{"0":"post-18891","1":"product","2":"type-product","3":"status-publish","4":"has-post-thumbnail","6":"product_cat-tresaci","7":"product_shipping_class-alati-masine-makedonija","8":"pa_b-cifarelli","9":"pa_market-ba","10":"pa_market-mk","11":"pa_market-rs","13":"first","14":"instock","15":"sale","16":"taxable","17":"shipping-taxable","18":"purchasable","19":"product-type-simple"},"acf":[],"seolaxy_ctr_woo_product_custom_meta_description_content":"","_links":{"self":[{"href":"https:\/\/www.sinpeks.com\/rs\/wp-json\/wp\/v2\/product\/18891","targetHints":{"allow":["GET"]}}],"collection":[{"href":"https:\/\/www.sinpeks.com\/rs\/wp-json\/wp\/v2\/product"}],"about":[{"href":"https:\/\/www.sinpeks.com\/rs\/wp-json\/wp\/v2\/types\/product"}],"replies":[{"embeddable":true,"href":"https:\/\/www.sinpeks.com\/rs\/wp-json\/wp\/v2\/comments?post=18891"}],"wp:featuredmedia":[{"embeddable":true,"href":"https:\/\/www.sinpeks.com\/rs\/wp-json\/wp\/v2\/media\/18960"}],"wp:attachment":[{"href":"https:\/\/www.sinpeks.com\/rs\/wp-json\/wp\/v2\/media?parent=18891"}],"wp:term":[{"taxonomy":"product_cat","embeddable":true,"href":"https:\/\/www.sinpeks.com\/rs\/wp-json\/wp\/v2\/product_cat?post=18891"},{"taxonomy":"product_tag","embeddable":true,"href":"https:\/\/www.sinpeks.com\/rs\/wp-json\/wp\/v2\/product_tag?post=18891"}],"curies":[{"name":"wp","href":"https:\/\/api.w.org\/{rel}","templated":true}]}}