{"id":18890,"date":"2025-05-22T10:01:31","date_gmt":"2025-05-22T10:01:31","guid":{"rendered":"https:\/\/www.sinpeks.com\/rs\/p\/masina-za-tresanje-maslina-sc605b\/"},"modified":"2026-01-13T11:15:03","modified_gmt":"2026-01-13T11:15:03","slug":"masina-za-tresanje-maslina-sc605b","status":"publish","type":"product","link":"https:\/\/www.sinpeks.com\/rs\/p\/masina-za-tresanje-maslina-sc605b\/","title":{"rendered":"Ma\u0161ina za tresanje maslina SC605B"},"content":{"rendered":"<p>Ma\u0161ina za tresanje maslina SC605 za berbu maslina i drugog voc\u0301a je ergonomska i lagana ma\u0161ina sa karakteristikama koje su pogodne i za profesionalnu upotrebu. Kombinacija ergonomskih elemenata kao \u0161to su smanjena te\u017eina, podesive ru\u010dke sa antivibracionim efektom, podstavljena za\u0161tita nogu, u kombinaciji sa sna\u017enim motorom dizajniranim za ma\u0161ine za tresanje maslina, omoguc\u0301ava efikasan i brz rad berbe.<\/p>\n","protected":false},"excerpt":{"rendered":"<p>Ma\u0161ina za tresanje maslina SC605 za berbu maslina i drugog voc\u0301a je ergonomska i lagana ma\u0161ina sa karakteristikama koje su pogodne i za profesionalnu upotrebu. Kombinacija ergonomskih elemenata kao \u0161to su smanjena te\u017eina, podesive ru\u010dke sa antivibracionim efektom, podstavljena za\u0161tita nogu, u kombinaciji sa sna\u017enim motorom dizajniranim za ma\u0161ine za tresanje maslina, omoguc\u0301ava efikasan i [&hellip;]<\/p>\n","protected":false},"featured_media":18937,"comment_status":"open","ping_status":"closed","template":"","meta":{"_acf_changed":false},"product_cat":[193],"product_tag":[],"class_list":{"0":"post-18890","1":"product","2":"type-product","3":"status-publish","4":"has-post-thumbnail","6":"product_cat-tresaci","7":"product_shipping_class-alati-masine-makedonija","8":"pa_b-cifarelli","9":"pa_market-ba","10":"pa_market-mk","11":"pa_market-rs","13":"first","14":"outofstock","15":"sale","16":"taxable","17":"shipping-taxable","18":"purchasable","19":"product-type-simple"},"acf":[],"seolaxy_ctr_woo_product_custom_meta_description_content":"","_links":{"self":[{"href":"https:\/\/www.sinpeks.com\/rs\/wp-json\/wp\/v2\/product\/18890","targetHints":{"allow":["GET"]}}],"collection":[{"href":"https:\/\/www.sinpeks.com\/rs\/wp-json\/wp\/v2\/product"}],"about":[{"href":"https:\/\/www.sinpeks.com\/rs\/wp-json\/wp\/v2\/types\/product"}],"replies":[{"embeddable":true,"href":"https:\/\/www.sinpeks.com\/rs\/wp-json\/wp\/v2\/comments?post=18890"}],"wp:featuredmedia":[{"embeddable":true,"href":"https:\/\/www.sinpeks.com\/rs\/wp-json\/wp\/v2\/media\/18937"}],"wp:attachment":[{"href":"https:\/\/www.sinpeks.com\/rs\/wp-json\/wp\/v2\/media?parent=18890"}],"wp:term":[{"taxonomy":"product_cat","embeddable":true,"href":"https:\/\/www.sinpeks.com\/rs\/wp-json\/wp\/v2\/product_cat?post=18890"},{"taxonomy":"product_tag","embeddable":true,"href":"https:\/\/www.sinpeks.com\/rs\/wp-json\/wp\/v2\/product_tag?post=18890"}],"curies":[{"name":"wp","href":"https:\/\/api.w.org\/{rel}","templated":true}]}}