{"id":18889,"date":"2025-05-22T10:01:28","date_gmt":"2025-05-22T10:01:28","guid":{"rendered":"https:\/\/www.sinpeks.com\/rs\/p\/vadilica-krompira-sa-zadnjim-izbacivanjem-i-pomaknutim-prikljuckom\/"},"modified":"2026-01-13T12:11:53","modified_gmt":"2026-01-13T12:11:53","slug":"vadilica-krompira-sa-zadnjim-izbacivanjem-i-pomaknutim-prikljuckom","status":"publish","type":"product","link":"https:\/\/www.sinpeks.com\/rs\/p\/vadilica-krompira-sa-zadnjim-izbacivanjem-i-pomaknutim-prikljuckom\/","title":{"rendered":"Vadilica krompira sa zadnjim izbacivanjem i pomaknutim priklju\u010dkom"},"content":{"rendered":"<p>Ma\u0161ina koja se montira na traktor sa zadnjim izbacivanjem koja se koristi za va\u0111enje krompira iz zemlje. Ma\u0161ina ima podesivu radnu dubinu i koristi vibracije za protresanje zemlje i izbacivanje krompira pozadi. Vibracion vadilica Ursa je dostupna u verziji sa pomerenom kukom.<\/p>\n","protected":false},"excerpt":{"rendered":"<p>Ma\u0161ina koja se montira na traktor sa zadnjim izbacivanjem koja se koristi za va\u0111enje krompira iz zemlje. Ma\u0161ina ima podesivu radnu dubinu i koristi vibracije za protresanje zemlje i izbacivanje krompira pozadi. Vibracion vadilica Ursa je dostupna u verziji sa pomerenom kukom.<\/p>\n","protected":false},"featured_media":18962,"comment_status":"open","ping_status":"closed","template":"","meta":{"_acf_changed":false},"product_cat":[2199],"product_tag":[],"class_list":{"0":"post-18889","1":"product","2":"type-product","3":"status-publish","4":"has-post-thumbnail","6":"product_cat-vadilice-za-krompir","7":"product_shipping_class-ostale-kategorije-makedonija","8":"pa_b-bomet","9":"pa_market-ba","10":"pa_market-mk","11":"pa_market-rs","12":"pa_min-snaga-traktora-10-ks","13":"pa_radna-dubina-20-cm","14":"pa_radna-sirina-45-cm","15":"pa_tip-masine-po-redovima-jednoredne","17":"first","18":"outofstock","19":"sale","20":"taxable","21":"shipping-taxable","22":"purchasable","23":"product-type-simple"},"acf":[],"seolaxy_ctr_woo_product_custom_meta_description_content":"","_links":{"self":[{"href":"https:\/\/www.sinpeks.com\/rs\/wp-json\/wp\/v2\/product\/18889","targetHints":{"allow":["GET"]}}],"collection":[{"href":"https:\/\/www.sinpeks.com\/rs\/wp-json\/wp\/v2\/product"}],"about":[{"href":"https:\/\/www.sinpeks.com\/rs\/wp-json\/wp\/v2\/types\/product"}],"replies":[{"embeddable":true,"href":"https:\/\/www.sinpeks.com\/rs\/wp-json\/wp\/v2\/comments?post=18889"}],"wp:featuredmedia":[{"embeddable":true,"href":"https:\/\/www.sinpeks.com\/rs\/wp-json\/wp\/v2\/media\/18962"}],"wp:attachment":[{"href":"https:\/\/www.sinpeks.com\/rs\/wp-json\/wp\/v2\/media?parent=18889"}],"wp:term":[{"taxonomy":"product_cat","embeddable":true,"href":"https:\/\/www.sinpeks.com\/rs\/wp-json\/wp\/v2\/product_cat?post=18889"},{"taxonomy":"product_tag","embeddable":true,"href":"https:\/\/www.sinpeks.com\/rs\/wp-json\/wp\/v2\/product_tag?post=18889"}],"curies":[{"name":"wp","href":"https:\/\/api.w.org\/{rel}","templated":true}]}}