{"id":18888,"date":"2025-05-22T10:01:25","date_gmt":"2025-05-22T10:01:25","guid":{"rendered":"https:\/\/www.sinpeks.com\/rs\/p\/sipma-oz-7500-tekla-omotac-bala\/"},"modified":"2026-02-12T14:05:35","modified_gmt":"2026-02-12T14:05:35","slug":"sipma-oz-7500-tekla-omotac-bala","status":"publish","type":"product","link":"https:\/\/www.sinpeks.com\/rs\/p\/sipma-oz-7500-tekla-omotac-bala\/","title":{"rendered":"SIPMA OZ 7500 TEKLA omota\u010d bala"},"content":{"rendered":"<p>Stacionarna omota\u010dica bala SIPMA OZ 7500 TEKLA je namenjena malim i srednjim poljoprivrednim gazdinstvima. Instalira se na trota\u010dkasti priklju\u010dak traktora.<\/p>\n<p>*Napomena: Lift za bale i seka\u010d folije nisu u standardnoj opremi omota\u010da.<\/p>\n","protected":false},"excerpt":{"rendered":"<p>Stacionarna omota\u010dica bala SIPMA OZ 7500 TEKLA je namenjena malim i srednjim poljoprivrednim gazdinstvima. Instalira se na trota\u010dkasti priklju\u010dak traktora. *Napomena: Lift za bale i seka\u010d folije nisu u standardnoj opremi omota\u010da.<\/p>\n","protected":false},"featured_media":18954,"comment_status":"open","ping_status":"closed","template":"","meta":{"_acf_changed":false},"product_cat":[98],"product_tag":[],"class_list":{"0":"post-18888","1":"product","2":"type-product","3":"status-publish","4":"has-post-thumbnail","6":"product_cat-prese-za-baliranje","7":"product_shipping_class-ostale-kategorije-makedonija","8":"pa_b-sipma","9":"pa_market-ba","10":"pa_market-mk","11":"pa_market-rs","12":"pa_min-snaga-traktora-38-ks","14":"first","15":"outofstock","16":"sale","17":"taxable","18":"shipping-taxable","19":"purchasable","20":"product-type-simple"},"acf":[],"seolaxy_ctr_woo_product_custom_meta_description_content":"","_links":{"self":[{"href":"https:\/\/www.sinpeks.com\/rs\/wp-json\/wp\/v2\/product\/18888","targetHints":{"allow":["GET"]}}],"collection":[{"href":"https:\/\/www.sinpeks.com\/rs\/wp-json\/wp\/v2\/product"}],"about":[{"href":"https:\/\/www.sinpeks.com\/rs\/wp-json\/wp\/v2\/types\/product"}],"replies":[{"embeddable":true,"href":"https:\/\/www.sinpeks.com\/rs\/wp-json\/wp\/v2\/comments?post=18888"}],"wp:featuredmedia":[{"embeddable":true,"href":"https:\/\/www.sinpeks.com\/rs\/wp-json\/wp\/v2\/media\/18954"}],"wp:attachment":[{"href":"https:\/\/www.sinpeks.com\/rs\/wp-json\/wp\/v2\/media?parent=18888"}],"wp:term":[{"taxonomy":"product_cat","embeddable":true,"href":"https:\/\/www.sinpeks.com\/rs\/wp-json\/wp\/v2\/product_cat?post=18888"},{"taxonomy":"product_tag","embeddable":true,"href":"https:\/\/www.sinpeks.com\/rs\/wp-json\/wp\/v2\/product_tag?post=18888"}],"curies":[{"name":"wp","href":"https:\/\/api.w.org\/{rel}","templated":true}]}}