{"id":18887,"date":"2025-05-22T10:01:22","date_gmt":"2025-05-22T10:01:22","guid":{"rendered":"https:\/\/www.sinpeks.com\/rs\/p\/okretac-sena-spider-bomet\/"},"modified":"2026-03-03T10:07:13","modified_gmt":"2026-03-03T10:07:13","slug":"okretac-sena-spider-bomet","status":"publish","type":"product","link":"https:\/\/www.sinpeks.com\/rs\/p\/okretac-sena-spider-bomet\/","title":{"rendered":"Okreta\u010d sena Spider &#8211; Bomet"},"content":{"rendered":"<p>Ma\u0161ina montirana na traktor koja se koristi za prevrtanje poko\u0161ene trave.<\/p>\n","protected":false},"excerpt":{"rendered":"<p>Ma\u0161ina montirana na traktor koja se koristi za prevrtanje poko\u0161ene trave.<\/p>\n","protected":false},"featured_media":19004,"comment_status":"open","ping_status":"closed","template":"","meta":{"_acf_changed":false},"product_cat":[96],"product_tag":[],"class_list":{"0":"post-18887","1":"product","2":"type-product","3":"status-publish","4":"has-post-thumbnail","6":"product_cat-sakupljaci-sena","7":"product_shipping_class-ostale-kategorije-makedonija","8":"pa_b-bomet","9":"pa_market-ba","10":"pa_market-mk","11":"pa_market-rs","12":"pa_radna-sirina-200-cm","14":"first","15":"instock","16":"sale","17":"taxable","18":"shipping-taxable","19":"purchasable","20":"product-type-simple"},"acf":[],"seolaxy_ctr_woo_product_custom_meta_description_content":"","_links":{"self":[{"href":"https:\/\/www.sinpeks.com\/rs\/wp-json\/wp\/v2\/product\/18887","targetHints":{"allow":["GET"]}}],"collection":[{"href":"https:\/\/www.sinpeks.com\/rs\/wp-json\/wp\/v2\/product"}],"about":[{"href":"https:\/\/www.sinpeks.com\/rs\/wp-json\/wp\/v2\/types\/product"}],"replies":[{"embeddable":true,"href":"https:\/\/www.sinpeks.com\/rs\/wp-json\/wp\/v2\/comments?post=18887"}],"wp:featuredmedia":[{"embeddable":true,"href":"https:\/\/www.sinpeks.com\/rs\/wp-json\/wp\/v2\/media\/19004"}],"wp:attachment":[{"href":"https:\/\/www.sinpeks.com\/rs\/wp-json\/wp\/v2\/media?parent=18887"}],"wp:term":[{"taxonomy":"product_cat","embeddable":true,"href":"https:\/\/www.sinpeks.com\/rs\/wp-json\/wp\/v2\/product_cat?post=18887"},{"taxonomy":"product_tag","embeddable":true,"href":"https:\/\/www.sinpeks.com\/rs\/wp-json\/wp\/v2\/product_tag?post=18887"}],"curies":[{"name":"wp","href":"https:\/\/api.w.org\/{rel}","templated":true}]}}