{"id":18885,"date":"2025-05-22T10:01:12","date_gmt":"2025-05-22T10:01:12","guid":{"rendered":"https:\/\/www.sinpeks.com\/rs\/p\/tanjiraca-tnl-2x10-ferokop-f460\/"},"modified":"2026-04-01T06:35:51","modified_gmt":"2026-04-01T06:35:51","slug":"tanjiraca-tnl-2x10-ferokop-f460","status":"publish","type":"product","link":"https:\/\/www.sinpeks.com\/rs\/p\/tanjiraca-tnl-2x10-ferokop-f460\/","title":{"rendered":"Tanjira\u010da TNL 2&#215;10 Ferokop &#8211; F460"},"content":{"rendered":"<p>No\u0161ene lake traktorske tanjira\u010de TNL 2&#215;10 tipa \u201cV\u201d namenjene su za tanjiranje pooraonog zemlji\u0161ta pred setvu, a uspe\u0161no se mogu koristiti i za lju\u0161tenje strnji\u0161ta, usitnjavanje \u017eetvenih ostataka, zaoravanje stajskog \u0111ubriva i me\u0111urednu obradu vo\u0107njaka i vinograda. Tanjira\u010de ovog tipa su sa dve, \u010detiri ili \u0161est osovina dvostrukog delovanja, gde prvi red diskova obra\u0111uje zemlju, a drugi red je nabacuje, dakle uspe\u0161no sitni i me\u0161a zemlji\u0161te. Konstrukcija tanjira\u010de je kruta gde dolazi do izra\u017eaja dobro prodiranje u dubinu zemlji\u0161ta na<br \/>\nravnim terenima.<\/p>\n","protected":false},"excerpt":{"rendered":"<p>No\u0161ene lake traktorske tanjira\u010de TNL 2&#215;10 tipa \u201cV\u201d namenjene su za tanjiranje pooraonog zemlji\u0161ta pred setvu, a uspe\u0161no se mogu koristiti i za lju\u0161tenje strnji\u0161ta, usitnjavanje \u017eetvenih ostataka, zaoravanje stajskog \u0111ubriva i me\u0111urednu obradu vo\u0107njaka i vinograda. Tanjira\u010de ovog tipa su sa dve, \u010detiri ili \u0161est osovina dvostrukog delovanja, gde prvi red diskova obra\u0111uje zemlju, [&hellip;]<\/p>\n","protected":false},"featured_media":18904,"comment_status":"open","ping_status":"closed","template":"","meta":{"_acf_changed":false},"product_cat":[81],"product_tag":[],"class_list":{"0":"post-18885","1":"product","2":"type-product","3":"status-publish","4":"has-post-thumbnail","6":"product_cat-tanjirace","7":"product_shipping_class-ostale-kategorije-makedonija","8":"pa_b-agro-ferocoop","9":"pa_broj-diskova-sa-20-diskova","10":"pa_market-ba","11":"pa_market-mk","12":"pa_market-rs","13":"pa_min-snaga-traktora-35-ks","14":"pa_precnik-diska-460-mm","15":"pa_radna-sirina-180-cm","16":"pa_tip-masine-nosene","18":"first","19":"outofstock","20":"sale","21":"taxable","22":"shipping-taxable","23":"purchasable","24":"product-type-simple"},"acf":[],"seolaxy_ctr_woo_product_custom_meta_description_content":"","_links":{"self":[{"href":"https:\/\/www.sinpeks.com\/rs\/wp-json\/wp\/v2\/product\/18885","targetHints":{"allow":["GET"]}}],"collection":[{"href":"https:\/\/www.sinpeks.com\/rs\/wp-json\/wp\/v2\/product"}],"about":[{"href":"https:\/\/www.sinpeks.com\/rs\/wp-json\/wp\/v2\/types\/product"}],"replies":[{"embeddable":true,"href":"https:\/\/www.sinpeks.com\/rs\/wp-json\/wp\/v2\/comments?post=18885"}],"wp:featuredmedia":[{"embeddable":true,"href":"https:\/\/www.sinpeks.com\/rs\/wp-json\/wp\/v2\/media\/18904"}],"wp:attachment":[{"href":"https:\/\/www.sinpeks.com\/rs\/wp-json\/wp\/v2\/media?parent=18885"}],"wp:term":[{"taxonomy":"product_cat","embeddable":true,"href":"https:\/\/www.sinpeks.com\/rs\/wp-json\/wp\/v2\/product_cat?post=18885"},{"taxonomy":"product_tag","embeddable":true,"href":"https:\/\/www.sinpeks.com\/rs\/wp-json\/wp\/v2\/product_tag?post=18885"}],"curies":[{"name":"wp","href":"https:\/\/api.w.org\/{rel}","templated":true}]}}