{"id":18882,"date":"2025-05-22T10:01:02","date_gmt":"2025-05-22T10:01:02","guid":{"rendered":"https:\/\/www.sinpeks.com\/rs\/p\/freza-a180-maschio-gaspardo-sa-valjkom\/"},"modified":"2026-04-03T08:52:46","modified_gmt":"2026-04-03T08:52:46","slug":"freza-a180-maschio-gaspardo-sa-valjkom","status":"publish","type":"product","link":"https:\/\/www.sinpeks.com\/rs\/p\/freza-a180-maschio-gaspardo-sa-valjkom\/","title":{"rendered":"Freza A180 Maschio Gaspardo sa kardanom"},"content":{"rendered":"<p>Model A je fiksna rotaciona freza koja je pogodna za upotrebu sa traktorima do 60 KS kojima je potrebna relativno laka oprema. Preporu\u010duje se za obradu zemlji\u0161ta za zahtevnije useve, u vinogradima i voc\u0301njacima, zahvaljujuc\u0301i radnim \u0161irinama izme\u0111u 1 m i 1,80 m. Ova rotaciona freza je pogodna za korisnika koji tra\u017ei laganu, fiksnu ma\u0161inu, ali je pogodna i za traktore do 60 KS. Moguc\u0301nost opremanja sa 6 no\u017eeva, prisustvo kardanskog vratila sa za\u0161titom od kliznog kva\u010dila i kuke kategorije II na vec\u0301im modelima \u010dine je izuzetno profesionalnim modelom.<\/p>\n","protected":false},"excerpt":{"rendered":"<p>Model A je fiksna rotaciona freza koja je pogodna za upotrebu sa traktorima do 60 KS kojima je potrebna relativno laka oprema. Preporu\u010duje se za obradu zemlji\u0161ta za zahtevnije useve, u vinogradima i voc\u0301njacima, zahvaljujuc\u0301i radnim \u0161irinama izme\u0111u 1 m i 1,80 m. Ova rotaciona freza je pogodna za korisnika koji tra\u017ei laganu, fiksnu ma\u0161inu, [&hellip;]<\/p>\n","protected":false},"featured_media":18930,"comment_status":"open","ping_status":"closed","template":"","meta":{"_acf_changed":false},"product_cat":[78],"product_tag":[],"class_list":{"0":"post-18882","1":"product","2":"type-product","3":"status-publish","4":"has-post-thumbnail","6":"product_cat-freze","7":"product_shipping_class-ostale-kategorije-makedonija","8":"pa_b-maschio-gaspardo","9":"pa_market-ba","10":"pa_market-mk","11":"pa_market-rs","12":"pa_min-snaga-traktora-60-ks","13":"pa_radna-dubina-20-cm","14":"pa_radna-sirina-185-cm","16":"first","17":"instock","18":"sale","19":"taxable","20":"shipping-taxable","21":"purchasable","22":"product-type-simple"},"acf":[],"seolaxy_ctr_woo_product_custom_meta_description_content":"","_links":{"self":[{"href":"https:\/\/www.sinpeks.com\/rs\/wp-json\/wp\/v2\/product\/18882","targetHints":{"allow":["GET"]}}],"collection":[{"href":"https:\/\/www.sinpeks.com\/rs\/wp-json\/wp\/v2\/product"}],"about":[{"href":"https:\/\/www.sinpeks.com\/rs\/wp-json\/wp\/v2\/types\/product"}],"replies":[{"embeddable":true,"href":"https:\/\/www.sinpeks.com\/rs\/wp-json\/wp\/v2\/comments?post=18882"}],"wp:featuredmedia":[{"embeddable":true,"href":"https:\/\/www.sinpeks.com\/rs\/wp-json\/wp\/v2\/media\/18930"}],"wp:attachment":[{"href":"https:\/\/www.sinpeks.com\/rs\/wp-json\/wp\/v2\/media?parent=18882"}],"wp:term":[{"taxonomy":"product_cat","embeddable":true,"href":"https:\/\/www.sinpeks.com\/rs\/wp-json\/wp\/v2\/product_cat?post=18882"},{"taxonomy":"product_tag","embeddable":true,"href":"https:\/\/www.sinpeks.com\/rs\/wp-json\/wp\/v2\/product_tag?post=18882"}],"curies":[{"name":"wp","href":"https:\/\/api.w.org\/{rel}","templated":true}]}}