{"id":18881,"date":"2025-05-22T10:00:59","date_gmt":"2025-05-22T10:00:59","guid":{"rendered":"https:\/\/www.sinpeks.com\/rs\/p\/freza-delfino-2000-maschio-gaspardo-sa-valjkom\/"},"modified":"2026-01-27T09:29:57","modified_gmt":"2026-01-27T09:29:57","slug":"freza-delfino-2000-maschio-gaspardo-sa-valjkom","status":"publish","type":"product","link":"https:\/\/www.sinpeks.com\/rs\/p\/freza-delfino-2000-maschio-gaspardo-sa-valjkom\/","title":{"rendered":"Freza Delfino 2000 Maschio Gaspardo sa valjkom"},"content":{"rendered":"<p>Posebna pa\u017enja posvec\u0301ena ukupnim dimenzijama i maloj te\u017eini \u010dini roto-freze DELFINO 2000 pogodnim za male farme i za obradu zemlji\u0161ta u specijalizovanim poljoprivrednim kulturama kao \u0161to su ba\u0161tovanstvo i vinogradarstvo. Kombinuju se sa traktorima male snage, po\u010dev od samo 30 KS, pogodne su za useve sa veoma uskim razmakom izme\u0111u redova \u010dak i u kombinaciji sa sejalicama za setvu u redovima.<\/p>\n","protected":false},"excerpt":{"rendered":"<p>Posebna pa\u017enja posvec\u0301ena ukupnim dimenzijama i maloj te\u017eini \u010dini roto-freze DELFINO 2000 pogodnim za male farme i za obradu zemlji\u0161ta u specijalizovanim poljoprivrednim kulturama kao \u0161to su ba\u0161tovanstvo i vinogradarstvo. Kombinuju se sa traktorima male snage, po\u010dev od samo 30 KS, pogodne su za useve sa veoma uskim razmakom izme\u0111u redova \u010dak i u kombinaciji [&hellip;]<\/p>\n","protected":false},"featured_media":18917,"comment_status":"open","ping_status":"closed","template":"","meta":{"_acf_changed":false},"product_cat":[78],"product_tag":[],"class_list":{"0":"post-18881","1":"product","2":"type-product","3":"status-publish","4":"has-post-thumbnail","6":"product_cat-freze","7":"product_shipping_class-ostale-kategorije-makedonija","8":"pa_b-maschio-gaspardo","9":"pa_market-ba","10":"pa_market-mk","11":"pa_market-rs","12":"pa_min-snaga-traktora-60-ks","13":"pa_radna-dubina-28-cm","14":"pa_radna-sirina-200-cm","16":"first","17":"outofstock","18":"sale","19":"taxable","20":"shipping-taxable","21":"purchasable","22":"product-type-simple"},"acf":[],"seolaxy_ctr_woo_product_custom_meta_description_content":"","_links":{"self":[{"href":"https:\/\/www.sinpeks.com\/rs\/wp-json\/wp\/v2\/product\/18881","targetHints":{"allow":["GET"]}}],"collection":[{"href":"https:\/\/www.sinpeks.com\/rs\/wp-json\/wp\/v2\/product"}],"about":[{"href":"https:\/\/www.sinpeks.com\/rs\/wp-json\/wp\/v2\/types\/product"}],"replies":[{"embeddable":true,"href":"https:\/\/www.sinpeks.com\/rs\/wp-json\/wp\/v2\/comments?post=18881"}],"wp:featuredmedia":[{"embeddable":true,"href":"https:\/\/www.sinpeks.com\/rs\/wp-json\/wp\/v2\/media\/18917"}],"wp:attachment":[{"href":"https:\/\/www.sinpeks.com\/rs\/wp-json\/wp\/v2\/media?parent=18881"}],"wp:term":[{"taxonomy":"product_cat","embeddable":true,"href":"https:\/\/www.sinpeks.com\/rs\/wp-json\/wp\/v2\/product_cat?post=18881"},{"taxonomy":"product_tag","embeddable":true,"href":"https:\/\/www.sinpeks.com\/rs\/wp-json\/wp\/v2\/product_tag?post=18881"}],"curies":[{"name":"wp","href":"https:\/\/api.w.org\/{rel}","templated":true}]}}