{"id":18880,"date":"2025-05-22T10:00:56","date_gmt":"2025-05-22T10:00:56","guid":{"rendered":"https:\/\/www.sinpeks.com\/rs\/p\/kosacica-tarup-m-sa-bocnom-kosilicom-26-m\/"},"modified":"2026-03-04T07:41:11","modified_gmt":"2026-03-04T07:41:11","slug":"kosacica-tarup-m-sa-bocnom-kosilicom-26-m","status":"publish","type":"product","link":"https:\/\/www.sinpeks.com\/rs\/p\/kosacica-tarup-m-sa-bocnom-kosilicom-26-m\/","title":{"rendered":"Kosa\u010dica Tarup M sa bo\u010dnom kosilicom 2,6 m"},"content":{"rendered":"<p>Ova je jednostavna kosilica sa strani\u010dnom kosilicom srpske proizvodnje.<\/p>\n","protected":false},"excerpt":{"rendered":"<p>Ova je jednostavna kosilica sa strani\u010dnom kosilicom srpske proizvodnje.<\/p>\n","protected":false},"featured_media":19020,"comment_status":"open","ping_status":"closed","template":"","meta":{"_acf_changed":false},"product_cat":[101,82],"product_tag":[],"class_list":{"0":"post-18880","1":"product","2":"type-product","3":"status-publish","4":"has-post-thumbnail","6":"product_cat-kosacice-za-traktor","7":"product_cat-tarupi","8":"product_shipping_class-ostale-kategorije-makedonija","9":"pa_b-semaljevic","10":"pa_market-ba","11":"pa_market-mk","12":"pa_market-rs","13":"pa_radna-sirina-260-cm","15":"first","16":"outofstock","17":"sale","18":"taxable","19":"shipping-taxable","20":"purchasable","21":"product-type-simple"},"acf":[],"seolaxy_ctr_woo_product_custom_meta_description_content":"","_links":{"self":[{"href":"https:\/\/www.sinpeks.com\/rs\/wp-json\/wp\/v2\/product\/18880","targetHints":{"allow":["GET"]}}],"collection":[{"href":"https:\/\/www.sinpeks.com\/rs\/wp-json\/wp\/v2\/product"}],"about":[{"href":"https:\/\/www.sinpeks.com\/rs\/wp-json\/wp\/v2\/types\/product"}],"replies":[{"embeddable":true,"href":"https:\/\/www.sinpeks.com\/rs\/wp-json\/wp\/v2\/comments?post=18880"}],"wp:featuredmedia":[{"embeddable":true,"href":"https:\/\/www.sinpeks.com\/rs\/wp-json\/wp\/v2\/media\/19020"}],"wp:attachment":[{"href":"https:\/\/www.sinpeks.com\/rs\/wp-json\/wp\/v2\/media?parent=18880"}],"wp:term":[{"taxonomy":"product_cat","embeddable":true,"href":"https:\/\/www.sinpeks.com\/rs\/wp-json\/wp\/v2\/product_cat?post=18880"},{"taxonomy":"product_tag","embeddable":true,"href":"https:\/\/www.sinpeks.com\/rs\/wp-json\/wp\/v2\/product_tag?post=18880"}],"curies":[{"name":"wp","href":"https:\/\/api.w.org\/{rel}","templated":true}]}}