{"id":18878,"date":"2025-05-22T10:00:48","date_gmt":"2025-05-22T10:00:48","guid":{"rendered":"https:\/\/www.sinpeks.com\/rs\/p\/kosacica-tarup-m-sa-bocnom-kosilicom-20-m\/"},"modified":"2026-02-11T10:31:23","modified_gmt":"2026-02-11T10:31:23","slug":"kosacica-tarup-m-sa-bocnom-kosilicom-20-m","status":"publish","type":"product","link":"https:\/\/www.sinpeks.com\/rs\/p\/kosacica-tarup-m-sa-bocnom-kosilicom-20-m\/","title":{"rendered":"Kosa\u010dica Tarup M sa bo\u010dnom kosilicom 2,0 m"},"content":{"rendered":"<p>Kosilica koja je namenjena za zasade vo\u0107a, sa ve\u0107im me\u0111urednim rastojanjem,gde je potrebno vi\u0161e puta pro\u0107i kroz red, a prostor u redu ( okolina stabla ) se kosi sa usko\u010dnim diskom. Osnova ovog modela iznosi 1,6m, usko\u010dni mehanizam je dodatnih 40cm, \u0161to \u010dini ukupni radni zahvat od 2,0m. Namenjen za zasade sa me\u0111urednim rastojanjem od 4 metara.<\/p>\n","protected":false},"excerpt":{"rendered":"<p>Kosilica koja je namenjena za zasade vo\u0107a, sa ve\u0107im me\u0111urednim rastojanjem,gde je potrebno vi\u0161e puta pro\u0107i kroz red, a prostor u redu ( okolina stabla ) se kosi sa usko\u010dnim diskom. Osnova ovog modela iznosi 1,6m, usko\u010dni mehanizam je dodatnih 40cm, \u0161to \u010dini ukupni radni zahvat od 2,0m. Namenjen za zasade sa me\u0111urednim rastojanjem od [&hellip;]<\/p>\n","protected":false},"featured_media":18940,"comment_status":"open","ping_status":"closed","template":"","meta":{"_acf_changed":false},"product_cat":[101,82],"product_tag":[],"class_list":{"0":"post-18878","1":"product","2":"type-product","3":"status-publish","4":"has-post-thumbnail","6":"product_cat-kosacice-za-traktor","7":"product_cat-tarupi","8":"product_shipping_class-ostale-kategorije-makedonija","9":"pa_b-micovic","10":"pa_broj-radnih-tela-3x3","11":"pa_market-ba","12":"pa_market-mk","13":"pa_market-rs","14":"pa_min-snaga-traktora-35-ks","15":"pa_radna-sirina-200-cm","17":"first","18":"outofstock","19":"taxable","20":"shipping-taxable","21":"product-type-simple"},"acf":[],"seolaxy_ctr_woo_product_custom_meta_description_content":"","_links":{"self":[{"href":"https:\/\/www.sinpeks.com\/rs\/wp-json\/wp\/v2\/product\/18878","targetHints":{"allow":["GET"]}}],"collection":[{"href":"https:\/\/www.sinpeks.com\/rs\/wp-json\/wp\/v2\/product"}],"about":[{"href":"https:\/\/www.sinpeks.com\/rs\/wp-json\/wp\/v2\/types\/product"}],"replies":[{"embeddable":true,"href":"https:\/\/www.sinpeks.com\/rs\/wp-json\/wp\/v2\/comments?post=18878"}],"wp:featuredmedia":[{"embeddable":true,"href":"https:\/\/www.sinpeks.com\/rs\/wp-json\/wp\/v2\/media\/18940"}],"wp:attachment":[{"href":"https:\/\/www.sinpeks.com\/rs\/wp-json\/wp\/v2\/media?parent=18878"}],"wp:term":[{"taxonomy":"product_cat","embeddable":true,"href":"https:\/\/www.sinpeks.com\/rs\/wp-json\/wp\/v2\/product_cat?post=18878"},{"taxonomy":"product_tag","embeddable":true,"href":"https:\/\/www.sinpeks.com\/rs\/wp-json\/wp\/v2\/product_tag?post=18878"}],"curies":[{"name":"wp","href":"https:\/\/api.w.org\/{rel}","templated":true}]}}