{"id":18877,"date":"2025-05-22T10:00:45","date_gmt":"2025-05-22T10:00:45","guid":{"rendered":"https:\/\/www.sinpeks.com\/rs\/p\/kosacica-tarup-s-16-m\/"},"modified":"2026-04-23T09:28:58","modified_gmt":"2026-04-23T09:28:58","slug":"kosacica-tarup-s-16-m","status":"publish","type":"product","link":"https:\/\/www.sinpeks.com\/rs\/p\/kosacica-tarup-s-16-m\/","title":{"rendered":"Kosa\u010dica Tarup S 1,6 m"},"content":{"rendered":"<p>Kosilica za travu fiksne konstrukcije , radnog zahvata 1.5m. \u010cvrsta i kompaktna konstrukcija, glatke povr\u0161ine garantuje maksimalnu pouzdanost i efikasnost na bilo kojoj povr\u0161ini! Ko\u0161enje se obavlja na perfektan na\u010din zahvaljuju\u0107i masivnom trokrakom rotoru sa zglobnim se\u010divima. Zahvaljuju\u0107i valjku koji se nalazi na krajnjem delu \u0161i\u0161alice, uz pomo\u0107u koga se i pode\u0161ava sama visina ko\u0161enja, posti\u017ee se maksimalno prilago\u0111avanje na bilo kojem terenu! Podru\u010dje upotrebe: odr\u017eavanje zelenih povr\u0161ina u vo\u0107njacima, vinogradima, malinjacima, javnim zonama, parkovima i zasadima p\u0161enice i kukuruza.<\/p>\n","protected":false},"excerpt":{"rendered":"<p>Kosilica za travu fiksne konstrukcije , radnog zahvata 1.5m. \u010cvrsta i kompaktna konstrukcija, glatke povr\u0161ine garantuje maksimalnu pouzdanost i efikasnost na bilo kojoj povr\u0161ini! Ko\u0161enje se obavlja na perfektan na\u010din zahvaljuju\u0107i masivnom trokrakom rotoru sa zglobnim se\u010divima. Zahvaljuju\u0107i valjku koji se nalazi na krajnjem delu \u0161i\u0161alice, uz pomo\u0107u koga se i pode\u0161ava sama visina ko\u0161enja, [&hellip;]<\/p>\n","protected":false},"featured_media":18931,"comment_status":"open","ping_status":"closed","template":"","meta":{"_acf_changed":false},"product_cat":[101,82],"product_tag":[],"class_list":{"0":"post-18877","1":"product","2":"type-product","3":"status-publish","4":"has-post-thumbnail","6":"product_cat-kosacice-za-traktor","7":"product_cat-tarupi","8":"product_shipping_class-ostale-kategorije-makedonija","9":"pa_b-micovic","10":"pa_broj-radnih-tela-2x3","11":"pa_market-ba","12":"pa_market-mk","13":"pa_market-rs","14":"pa_min-snaga-traktora-28-ks","15":"pa_radna-sirina-160-cm","17":"first","18":"instock","19":"sale","20":"taxable","21":"shipping-taxable","22":"purchasable","23":"product-type-simple"},"acf":[],"seolaxy_ctr_woo_product_custom_meta_description_content":"","_links":{"self":[{"href":"https:\/\/www.sinpeks.com\/rs\/wp-json\/wp\/v2\/product\/18877","targetHints":{"allow":["GET"]}}],"collection":[{"href":"https:\/\/www.sinpeks.com\/rs\/wp-json\/wp\/v2\/product"}],"about":[{"href":"https:\/\/www.sinpeks.com\/rs\/wp-json\/wp\/v2\/types\/product"}],"replies":[{"embeddable":true,"href":"https:\/\/www.sinpeks.com\/rs\/wp-json\/wp\/v2\/comments?post=18877"}],"wp:featuredmedia":[{"embeddable":true,"href":"https:\/\/www.sinpeks.com\/rs\/wp-json\/wp\/v2\/media\/18931"}],"wp:attachment":[{"href":"https:\/\/www.sinpeks.com\/rs\/wp-json\/wp\/v2\/media?parent=18877"}],"wp:term":[{"taxonomy":"product_cat","embeddable":true,"href":"https:\/\/www.sinpeks.com\/rs\/wp-json\/wp\/v2\/product_cat?post=18877"},{"taxonomy":"product_tag","embeddable":true,"href":"https:\/\/www.sinpeks.com\/rs\/wp-json\/wp\/v2\/product_tag?post=18877"}],"curies":[{"name":"wp","href":"https:\/\/api.w.org\/{rel}","templated":true}]}}