{"id":18876,"date":"2025-05-22T10:00:42","date_gmt":"2025-05-22T10:00:42","guid":{"rendered":"https:\/\/www.sinpeks.com\/rs\/p\/kosacica-tarup-m-sa-bocnom-kosilicom-28-m\/"},"modified":"2026-04-23T09:28:57","modified_gmt":"2026-04-23T09:28:57","slug":"kosacica-tarup-m-sa-bocnom-kosilicom-28-m","status":"publish","type":"product","link":"https:\/\/www.sinpeks.com\/rs\/p\/kosacica-tarup-m-sa-bocnom-kosilicom-28-m\/","title":{"rendered":"Kosa\u010dica Tarup M sa bo\u010dnom kosilicom 2,8 m"},"content":{"rendered":"<p>Kosilica namenjena za ko\u0161enje voc\u0301njaka sa razmakom izme\u0111u redova do 5 m. Uz pomoc\u0301 bo\u010dnog me\u0161anja, cela povr\u0161ina izme\u0111u redova se kosi glatko, u 2 prolaza. Radna baza ovog modela je 2,4 m, a zajedno sa bo\u010dnom kosilicom od 40 cm, \u010dine ukupnu radnu povr\u0161inu ove ma\u0161ine od 2,8 m. Zahvaljujuc\u0301i valjku koji se nalazi na kraju kosilice, visina ko\u0161enja ma\u0161ine mo\u017ee se podesiti tako da se prilagodi terenu koji se obra\u0111uje.<\/p>\n","protected":false},"excerpt":{"rendered":"<p>Kosilica namenjena za ko\u0161enje voc\u0301njaka sa razmakom izme\u0111u redova do 5 m. Uz pomoc\u0301 bo\u010dnog me\u0161anja, cela povr\u0161ina izme\u0111u redova se kosi glatko, u 2 prolaza. Radna baza ovog modela je 2,4 m, a zajedno sa bo\u010dnom kosilicom od 40 cm, \u010dine ukupnu radnu povr\u0161inu ove ma\u0161ine od 2,8 m. Zahvaljujuc\u0301i valjku koji se nalazi [&hellip;]<\/p>\n","protected":false},"featured_media":18924,"comment_status":"open","ping_status":"closed","template":"","meta":{"_acf_changed":false},"product_cat":[101,82],"product_tag":[],"class_list":{"0":"post-18876","1":"product","2":"type-product","3":"status-publish","4":"has-post-thumbnail","6":"product_cat-kosacice-za-traktor","7":"product_cat-tarupi","8":"product_shipping_class-ostale-kategorije-makedonija","9":"pa_b-micovic","10":"pa_broj-radnih-tela-4x3","11":"pa_market-ba","12":"pa_market-mk","13":"pa_market-rs","14":"pa_min-snaga-traktora-40-ks","15":"pa_radna-sirina-280-cm","17":"first","18":"instock","19":"sale","20":"taxable","21":"shipping-taxable","22":"purchasable","23":"product-type-simple"},"acf":[],"seolaxy_ctr_woo_product_custom_meta_description_content":"","_links":{"self":[{"href":"https:\/\/www.sinpeks.com\/rs\/wp-json\/wp\/v2\/product\/18876","targetHints":{"allow":["GET"]}}],"collection":[{"href":"https:\/\/www.sinpeks.com\/rs\/wp-json\/wp\/v2\/product"}],"about":[{"href":"https:\/\/www.sinpeks.com\/rs\/wp-json\/wp\/v2\/types\/product"}],"replies":[{"embeddable":true,"href":"https:\/\/www.sinpeks.com\/rs\/wp-json\/wp\/v2\/comments?post=18876"}],"wp:featuredmedia":[{"embeddable":true,"href":"https:\/\/www.sinpeks.com\/rs\/wp-json\/wp\/v2\/media\/18924"}],"wp:attachment":[{"href":"https:\/\/www.sinpeks.com\/rs\/wp-json\/wp\/v2\/media?parent=18876"}],"wp:term":[{"taxonomy":"product_cat","embeddable":true,"href":"https:\/\/www.sinpeks.com\/rs\/wp-json\/wp\/v2\/product_cat?post=18876"},{"taxonomy":"product_tag","embeddable":true,"href":"https:\/\/www.sinpeks.com\/rs\/wp-json\/wp\/v2\/product_tag?post=18876"}],"curies":[{"name":"wp","href":"https:\/\/api.w.org\/{rel}","templated":true}]}}