{"id":18875,"date":"2025-05-22T10:00:38","date_gmt":"2025-05-22T10:00:38","guid":{"rendered":"https:\/\/www.sinpeks.com\/rs\/p\/malcer-sa-hidraulikom-180-m-menasor\/"},"modified":"2026-05-11T08:12:54","modified_gmt":"2026-05-11T08:12:54","slug":"malcer-sa-hidraulikom-180-m-menasor","status":"publish","type":"product","link":"https:\/\/www.sinpeks.com\/rs\/p\/malcer-sa-hidraulikom-180-m-menasor\/","title":{"rendered":"Mal\u010der sa hidraulikom 1.80 m MENASOR"},"content":{"rendered":"<p>Mal\u010der 1,8m za vinograd i voc\u0301njak, pogodna za mal\u010diranje trave, \u017ebunja i orezivanje do \u00d8 4-5 cm. Za traktore od 35 do 85 KS. Standardna oprema: trota\u010dka kabla kat. I ili II; kardansko vratilo, mehani\u010dki bo\u010dni pomak, podesiva visina reza\u010da trave od 2 cm-4 cm-6 cm, valjak za samo\u010di\u0161c\u0301enje sa struga\u010dem, kovani i kaljeni \u010dekic\u0301ni no\u017eevi.<\/p>\n","protected":false},"excerpt":{"rendered":"<p>Mal\u010der 1,8m za vinograd i voc\u0301njak, pogodna za mal\u010diranje trave, \u017ebunja i orezivanje do \u00d8 4-5 cm. Za traktore od 35 do 85 KS. Standardna oprema: trota\u010dka kabla kat. I ili II; kardansko vratilo, mehani\u010dki bo\u010dni pomak, podesiva visina reza\u010da trave od 2 cm-4 cm-6 cm, valjak za samo\u010di\u0161c\u0301enje sa struga\u010dem, kovani i kaljeni \u010dekic\u0301ni [&hellip;]<\/p>\n","protected":false},"featured_media":19019,"comment_status":"open","ping_status":"closed","template":"","meta":{"_acf_changed":false},"product_cat":[82],"product_tag":[],"class_list":{"0":"post-18875","1":"product","2":"type-product","3":"status-publish","4":"has-post-thumbnail","6":"product_cat-tarupi","7":"product_shipping_class-ostale-kategorije-makedonija","8":"pa_b-agrina","9":"pa_broj-radnih-tela-3868","10":"pa_market-ba","11":"pa_market-mk","12":"pa_market-rs","13":"pa_min-snaga-traktora-35-85-ks","14":"pa_radna-sirina-175cm","16":"first","17":"instock","18":"sale","19":"taxable","20":"shipping-taxable","21":"purchasable","22":"product-type-simple"},"acf":[],"seolaxy_ctr_woo_product_custom_meta_description_content":"","_links":{"self":[{"href":"https:\/\/www.sinpeks.com\/rs\/wp-json\/wp\/v2\/product\/18875","targetHints":{"allow":["GET"]}}],"collection":[{"href":"https:\/\/www.sinpeks.com\/rs\/wp-json\/wp\/v2\/product"}],"about":[{"href":"https:\/\/www.sinpeks.com\/rs\/wp-json\/wp\/v2\/types\/product"}],"replies":[{"embeddable":true,"href":"https:\/\/www.sinpeks.com\/rs\/wp-json\/wp\/v2\/comments?post=18875"}],"wp:featuredmedia":[{"embeddable":true,"href":"https:\/\/www.sinpeks.com\/rs\/wp-json\/wp\/v2\/media\/19019"}],"wp:attachment":[{"href":"https:\/\/www.sinpeks.com\/rs\/wp-json\/wp\/v2\/media?parent=18875"}],"wp:term":[{"taxonomy":"product_cat","embeddable":true,"href":"https:\/\/www.sinpeks.com\/rs\/wp-json\/wp\/v2\/product_cat?post=18875"},{"taxonomy":"product_tag","embeddable":true,"href":"https:\/\/www.sinpeks.com\/rs\/wp-json\/wp\/v2\/product_tag?post=18875"}],"curies":[{"name":"wp","href":"https:\/\/api.w.org\/{rel}","templated":true}]}}