{"id":18872,"date":"2025-05-22T10:00:23","date_gmt":"2025-05-22T10:00:23","guid":{"rendered":"https:\/\/www.sinpeks.com\/rs\/p\/prikolica-fermak-5t-400-60-15-gumehidraulicne-kocnicetrostrano-kipovanjetrostruka-uzeta\/"},"modified":"2026-05-12T09:13:47","modified_gmt":"2026-05-12T09:13:47","slug":"prikolica-fermak-5t-400-60-15-gumehidraulicne-kocnicetrostrano-kipovanjetrostruka-uzeta","status":"publish","type":"product","link":"https:\/\/www.sinpeks.com\/rs\/p\/prikolica-fermak-5t-400-60-15-gumehidraulicne-kocnicetrostrano-kipovanjetrostruka-uzeta\/","title":{"rendered":"Prikolica FERMAK 5t 400\/60-15 gume+hidrauli\u010dne ko\u010dnice+trostrano kipovanje+trostruka u\u017eeta"},"content":{"rendered":"<p>Jednoosovinska transportna prikolica sa trostruke stranice<\/p>\n","protected":false},"excerpt":{"rendered":"<p>Jednoosovinska transportna prikolica sa trostruke stranice<\/p>\n","protected":false},"featured_media":18913,"comment_status":"open","ping_status":"closed","template":"","meta":{"_acf_changed":false},"product_cat":[36],"product_tag":[],"class_list":{"0":"post-18872","1":"product","2":"type-product","3":"status-publish","4":"has-post-thumbnail","6":"product_cat-prikolice-za-traktor","7":"product_shipping_class-ostale-kategorije-makedonija","8":"pa_b-fermak","9":"pa_kipanje-sa-kipanjem-na-tri-strane","10":"pa_market-ba","11":"pa_market-mk","12":"pa_market-rs","13":"pa_nosivost-prikolice-5-t","14":"pa_tip-kocnice-hidraulicne","16":"first","17":"outofstock","18":"sale","19":"taxable","20":"shipping-taxable","21":"purchasable","22":"product-type-simple"},"acf":[],"seolaxy_ctr_woo_product_custom_meta_description_content":"","_links":{"self":[{"href":"https:\/\/www.sinpeks.com\/rs\/wp-json\/wp\/v2\/product\/18872","targetHints":{"allow":["GET"]}}],"collection":[{"href":"https:\/\/www.sinpeks.com\/rs\/wp-json\/wp\/v2\/product"}],"about":[{"href":"https:\/\/www.sinpeks.com\/rs\/wp-json\/wp\/v2\/types\/product"}],"replies":[{"embeddable":true,"href":"https:\/\/www.sinpeks.com\/rs\/wp-json\/wp\/v2\/comments?post=18872"}],"wp:featuredmedia":[{"embeddable":true,"href":"https:\/\/www.sinpeks.com\/rs\/wp-json\/wp\/v2\/media\/18913"}],"wp:attachment":[{"href":"https:\/\/www.sinpeks.com\/rs\/wp-json\/wp\/v2\/media?parent=18872"}],"wp:term":[{"taxonomy":"product_cat","embeddable":true,"href":"https:\/\/www.sinpeks.com\/rs\/wp-json\/wp\/v2\/product_cat?post=18872"},{"taxonomy":"product_tag","embeddable":true,"href":"https:\/\/www.sinpeks.com\/rs\/wp-json\/wp\/v2\/product_tag?post=18872"}],"curies":[{"name":"wp","href":"https:\/\/api.w.org\/{rel}","templated":true}]}}