{"id":18871,"date":"2025-05-22T10:00:20","date_gmt":"2025-05-22T10:00:20","guid":{"rendered":"https:\/\/www.sinpeks.com\/rs\/p\/vucena-prskalica-2000l-ontar-ram-18m\/"},"modified":"2026-04-23T09:36:35","modified_gmt":"2026-04-23T09:36:35","slug":"vucena-prskalica-2000l-ontar-ram-18m","status":"publish","type":"product","link":"https:\/\/www.sinpeks.com\/rs\/p\/vucena-prskalica-2000l-ontar-ram-18m\/","title":{"rendered":"Vu\u010dena prskalica 2000l Ontar ram 18m"},"content":{"rendered":"<p>Prskalica vu\u010dena za traktor sa tankom od 2000 litara i hidrauli\u010dnim ramom od 18 m.<\/p>\n","protected":false},"excerpt":{"rendered":"<p>Prskalica vu\u010dena za traktor sa tankom od 2000 litara i hidrauli\u010dnim ramom od 18 m.<\/p>\n","protected":false},"featured_media":19000,"comment_status":"open","ping_status":"closed","template":"","meta":{"_acf_changed":false},"product_cat":[100],"product_tag":[],"class_list":{"0":"post-18871","1":"product","2":"type-product","3":"status-publish","4":"has-post-thumbnail","6":"product_cat-prskalice-za-traktor","7":"product_shipping_class-ostale-kategorije-makedonija","8":"pa_b-bufer","9":"pa_duzina-rama-18-m","10":"pa_market-ba","11":"pa_market-mk","12":"pa_market-rs","13":"pa_tip-masine-vucene","14":"pa_tip-rama-sa-hidraulicnim-ramom","15":"pa_zapremina-rezervoara-2000-l","17":"first","18":"instock","19":"sale","20":"taxable","21":"shipping-taxable","22":"purchasable","23":"product-type-simple"},"acf":[],"seolaxy_ctr_woo_product_custom_meta_description_content":"","_links":{"self":[{"href":"https:\/\/www.sinpeks.com\/rs\/wp-json\/wp\/v2\/product\/18871","targetHints":{"allow":["GET"]}}],"collection":[{"href":"https:\/\/www.sinpeks.com\/rs\/wp-json\/wp\/v2\/product"}],"about":[{"href":"https:\/\/www.sinpeks.com\/rs\/wp-json\/wp\/v2\/types\/product"}],"replies":[{"embeddable":true,"href":"https:\/\/www.sinpeks.com\/rs\/wp-json\/wp\/v2\/comments?post=18871"}],"wp:featuredmedia":[{"embeddable":true,"href":"https:\/\/www.sinpeks.com\/rs\/wp-json\/wp\/v2\/media\/19000"}],"wp:attachment":[{"href":"https:\/\/www.sinpeks.com\/rs\/wp-json\/wp\/v2\/media?parent=18871"}],"wp:term":[{"taxonomy":"product_cat","embeddable":true,"href":"https:\/\/www.sinpeks.com\/rs\/wp-json\/wp\/v2\/product_cat?post=18871"},{"taxonomy":"product_tag","embeddable":true,"href":"https:\/\/www.sinpeks.com\/rs\/wp-json\/wp\/v2\/product_tag?post=18871"}],"curies":[{"name":"wp","href":"https:\/\/api.w.org\/{rel}","templated":true}]}}