{"id":18866,"date":"2025-05-22T10:00:04","date_gmt":"2025-05-22T10:00:04","guid":{"rendered":"https:\/\/www.sinpeks.com\/rs\/p\/medjuredni-kultivator-sa-5-redova-iris-rc-50-sa-odlagacima-od-nerdjajuceg-celika-i-zastitnim-nozevima\/"},"modified":"2026-04-23T09:40:48","modified_gmt":"2026-04-23T09:40:48","slug":"medjuredni-kultivator-sa-5-redova-iris-rc-50-sa-odlagacima-od-nerdjajuceg-celika-i-zastitnim-nozevima","status":"publish","type":"product","link":"https:\/\/www.sinpeks.com\/rs\/p\/medjuredni-kultivator-sa-5-redova-iris-rc-50-sa-odlagacima-od-nerdjajuceg-celika-i-zastitnim-nozevima\/","title":{"rendered":"Me\u0111uredni kultivator sa 5 redova IRIS RC 50 sa odlaga\u010dima od ner\u0111ajuc\u0301eg \u010delika i za\u0161titnim no\u017eevima &#8211; Zamidis"},"content":{"rendered":"<p>Serija \u201eIRIS \u2013 S\u201c je dizajnirana da zadovolji potrebe uzgoja kalusa, semena, gra\u0161ka itd. Proizvodi se u dve verzije rama: \u201eHC\u201c hidrauli\u010dno sklopivi i \u201eRC\u201c fiksni ram. Dostupan je u broju redova za uzgoj: 6 redova, 8 redova i 12 redova sa rastojanjem izme\u0111u biljaka od 40 cm do 55 cm.<\/p>\n","protected":false},"excerpt":{"rendered":"<p>Serija \u201eIRIS \u2013 S\u201c je dizajnirana da zadovolji potrebe uzgoja kalusa, semena, gra\u0161ka itd. Proizvodi se u dve verzije rama: \u201eHC\u201c hidrauli\u010dno sklopivi i \u201eRC\u201c fiksni ram. Dostupan je u broju redova za uzgoj: 6 redova, 8 redova i 12 redova sa rastojanjem izme\u0111u biljaka od 40 cm do 55 cm.<\/p>\n","protected":false},"featured_media":19037,"comment_status":"open","ping_status":"closed","template":"","meta":{"_acf_changed":false},"product_cat":[80],"product_tag":[],"class_list":{"0":"post-18866","1":"product","2":"type-product","3":"status-publish","4":"has-post-thumbnail","6":"product_cat-podrivaci","7":"product_shipping_class-ostale-kategorije-makedonija","8":"pa_b-zamidis","9":"pa_broj-radnih-tela-3862","10":"pa_market-ba","11":"pa_market-mk","12":"pa_market-rs","13":"pa_min-snaga-traktora-70-ks","15":"first","16":"instock","17":"sale","18":"taxable","19":"shipping-taxable","20":"purchasable","21":"product-type-simple"},"acf":[],"seolaxy_ctr_woo_product_custom_meta_description_content":"","_links":{"self":[{"href":"https:\/\/www.sinpeks.com\/rs\/wp-json\/wp\/v2\/product\/18866","targetHints":{"allow":["GET"]}}],"collection":[{"href":"https:\/\/www.sinpeks.com\/rs\/wp-json\/wp\/v2\/product"}],"about":[{"href":"https:\/\/www.sinpeks.com\/rs\/wp-json\/wp\/v2\/types\/product"}],"replies":[{"embeddable":true,"href":"https:\/\/www.sinpeks.com\/rs\/wp-json\/wp\/v2\/comments?post=18866"}],"wp:featuredmedia":[{"embeddable":true,"href":"https:\/\/www.sinpeks.com\/rs\/wp-json\/wp\/v2\/media\/19037"}],"wp:attachment":[{"href":"https:\/\/www.sinpeks.com\/rs\/wp-json\/wp\/v2\/media?parent=18866"}],"wp:term":[{"taxonomy":"product_cat","embeddable":true,"href":"https:\/\/www.sinpeks.com\/rs\/wp-json\/wp\/v2\/product_cat?post=18866"},{"taxonomy":"product_tag","embeddable":true,"href":"https:\/\/www.sinpeks.com\/rs\/wp-json\/wp\/v2\/product_tag?post=18866"}],"curies":[{"name":"wp","href":"https:\/\/api.w.org\/{rel}","templated":true}]}}