{"id":18865,"date":"2025-05-22T09:59:58","date_gmt":"2025-05-22T09:59:58","guid":{"rendered":"https:\/\/www.sinpeks.com\/rs\/p\/podrivac-sa-7-radnih-tela-i-rotorom\/"},"modified":"2026-01-13T12:36:21","modified_gmt":"2026-01-13T12:36:21","slug":"podrivac-sa-7-radnih-tela-i-rotorom","status":"publish","type":"product","link":"https:\/\/www.sinpeks.com\/rs\/p\/podrivac-sa-7-radnih-tela-i-rotorom\/","title":{"rendered":"Podriva\u010d sa 7 radnih tela i rotorom"},"content":{"rendered":"<p>Clavus podriva\u010di su dostupna u veli\u010dinama od 5 do 17 tela, \u0161to ih razlikuje od sli\u010dnih. \u0160tavi\u0161e, u \u0161asiji se ne koristi lemljeno valjano gvo\u017e\u0111e, vec\u0301 se za zupce koristi specijalni legirani \u010deli\u010dni liv. Razbijanje povr\u0161ine zemlji\u0161ta koja je nastala dugotrajnim oranjem, obrada zemlji\u0161ta bez naginjanja i provetravanje su glavne funkcije pluga tipa podriva\u010da. Kod ovog tipa sigurnosni klinovi deluju u slu\u010daju naglog pritiska i spre\u010davaju o\u0161tec\u0301enja traktora i \u0161asije. Zupci su dizajnirani da izvuku maksimalne performanse iz snage traktora tako \u0161to im daju najprikladniji ugao utapanja.<\/p>\n","protected":false},"excerpt":{"rendered":"<p>Clavus podriva\u010di su dostupna u veli\u010dinama od 5 do 17 tela, \u0161to ih razlikuje od sli\u010dnih. \u0160tavi\u0161e, u \u0161asiji se ne koristi lemljeno valjano gvo\u017e\u0111e, vec\u0301 se za zupce koristi specijalni legirani \u010deli\u010dni liv. Razbijanje povr\u0161ine zemlji\u0161ta koja je nastala dugotrajnim oranjem, obrada zemlji\u0161ta bez naginjanja i provetravanje su glavne funkcije pluga tipa podriva\u010da. Kod [&hellip;]<\/p>\n","protected":false},"featured_media":19018,"comment_status":"open","ping_status":"closed","template":"","meta":{"_acf_changed":false},"product_cat":[80],"product_tag":[],"class_list":{"0":"post-18865","1":"product","2":"type-product","3":"status-publish","4":"has-post-thumbnail","6":"product_cat-podrivaci","7":"product_shipping_class-ostale-kategorije-makedonija","8":"pa_b-agrolead","9":"pa_broj-radnih-tela-3838","10":"pa_market-ba","11":"pa_market-mk","12":"pa_market-rs","13":"pa_min-snaga-traktora-70-80-ks","14":"pa_radna-dubina-68-cm","15":"pa_radna-sirina-191-cm","17":"first","18":"outofstock","19":"sale","20":"taxable","21":"shipping-taxable","22":"purchasable","23":"product-type-simple"},"acf":[],"seolaxy_ctr_woo_product_custom_meta_description_content":"","_links":{"self":[{"href":"https:\/\/www.sinpeks.com\/rs\/wp-json\/wp\/v2\/product\/18865","targetHints":{"allow":["GET"]}}],"collection":[{"href":"https:\/\/www.sinpeks.com\/rs\/wp-json\/wp\/v2\/product"}],"about":[{"href":"https:\/\/www.sinpeks.com\/rs\/wp-json\/wp\/v2\/types\/product"}],"replies":[{"embeddable":true,"href":"https:\/\/www.sinpeks.com\/rs\/wp-json\/wp\/v2\/comments?post=18865"}],"wp:featuredmedia":[{"embeddable":true,"href":"https:\/\/www.sinpeks.com\/rs\/wp-json\/wp\/v2\/media\/19018"}],"wp:attachment":[{"href":"https:\/\/www.sinpeks.com\/rs\/wp-json\/wp\/v2\/media?parent=18865"}],"wp:term":[{"taxonomy":"product_cat","embeddable":true,"href":"https:\/\/www.sinpeks.com\/rs\/wp-json\/wp\/v2\/product_cat?post=18865"},{"taxonomy":"product_tag","embeddable":true,"href":"https:\/\/www.sinpeks.com\/rs\/wp-json\/wp\/v2\/product_tag?post=18865"}],"curies":[{"name":"wp","href":"https:\/\/api.w.org\/{rel}","templated":true}]}}