{"id":18863,"date":"2025-05-22T09:59:51","date_gmt":"2025-05-22T09:59:51","guid":{"rendered":"https:\/\/www.sinpeks.com\/rs\/p\/lak-podrivac-flora-sa-9-opruga-i-hidraulikom-rotor\/"},"modified":"2026-01-21T10:16:09","modified_gmt":"2026-01-21T10:16:09","slug":"lak-podrivac-flora-sa-9-opruga-i-hidraulikom-rotor","status":"publish","type":"product","link":"https:\/\/www.sinpeks.com\/rs\/p\/lak-podrivac-flora-sa-9-opruga-i-hidraulikom-rotor\/","title":{"rendered":"Lak podriva\u010d &#8211; FLORA sa 9 opruga i hidr. rotorom Unlu"},"content":{"rendered":"<p>Podriva\u010di FLORA su dizajnirani za optimalan rad na srednjim dubinama zemlji\u0161ta. Ove ma\u0161ine imaju razli\u010dite konfiguracije radnog tela, svaka sa jedinstvenim oblikom i dizajnom za efikasno se\u010denje korena useva i korova. Robusna konstrukcija obezbe\u0111uje dugotrajnu izdr\u017eljivost, \u0161to ove podriva\u010de \u010dini pouzdanim izborom za poljoprivrednike. Pored toga, njihov stabilan u\u010dinak na razli\u010ditim tipovima zemlji\u0161ta \u010dini ih vrednim resursom za svaku poljoprivrednu delatnost.<\/p>\n","protected":false},"excerpt":{"rendered":"<p>Podriva\u010di FLORA su dizajnirani za optimalan rad na srednjim dubinama zemlji\u0161ta. Ove ma\u0161ine imaju razli\u010dite konfiguracije radnog tela, svaka sa jedinstvenim oblikom i dizajnom za efikasno se\u010denje korena useva i korova. Robusna konstrukcija obezbe\u0111uje dugotrajnu izdr\u017eljivost, \u0161to ove podriva\u010de \u010dini pouzdanim izborom za poljoprivrednike. Pored toga, njihov stabilan u\u010dinak na razli\u010ditim tipovima zemlji\u0161ta \u010dini ih [&hellip;]<\/p>\n","protected":false},"featured_media":19255,"comment_status":"open","ping_status":"closed","template":"","meta":{"_acf_changed":false},"product_cat":[80],"product_tag":[],"class_list":{"0":"post-18863","1":"product","2":"type-product","3":"status-publish","4":"has-post-thumbnail","6":"product_cat-podrivaci","7":"product_shipping_class-ostale-kategorije-makedonija","8":"pa_b-unlu","9":"pa_broj-radnih-tela-3843","10":"pa_market-ba","11":"pa_market-mk","12":"pa_market-rs","13":"pa_min-snaga-traktora-55-65-ks","14":"pa_radna-dubina-25-30-cm","15":"pa_radna-sirina-220-cm","17":"first","18":"instock","19":"sale","20":"taxable","21":"shipping-taxable","22":"purchasable","23":"product-type-simple"},"acf":[],"seolaxy_ctr_woo_product_custom_meta_description_content":"","_links":{"self":[{"href":"https:\/\/www.sinpeks.com\/rs\/wp-json\/wp\/v2\/product\/18863","targetHints":{"allow":["GET"]}}],"collection":[{"href":"https:\/\/www.sinpeks.com\/rs\/wp-json\/wp\/v2\/product"}],"about":[{"href":"https:\/\/www.sinpeks.com\/rs\/wp-json\/wp\/v2\/types\/product"}],"replies":[{"embeddable":true,"href":"https:\/\/www.sinpeks.com\/rs\/wp-json\/wp\/v2\/comments?post=18863"}],"wp:featuredmedia":[{"embeddable":true,"href":"https:\/\/www.sinpeks.com\/rs\/wp-json\/wp\/v2\/media\/19255"}],"wp:attachment":[{"href":"https:\/\/www.sinpeks.com\/rs\/wp-json\/wp\/v2\/media?parent=18863"}],"wp:term":[{"taxonomy":"product_cat","embeddable":true,"href":"https:\/\/www.sinpeks.com\/rs\/wp-json\/wp\/v2\/product_cat?post=18863"},{"taxonomy":"product_tag","embeddable":true,"href":"https:\/\/www.sinpeks.com\/rs\/wp-json\/wp\/v2\/product_tag?post=18863"}],"curies":[{"name":"wp","href":"https:\/\/api.w.org\/{rel}","templated":true}]}}