{"id":18861,"date":"2025-05-22T09:59:45","date_gmt":"2025-05-22T09:59:45","guid":{"rendered":"https:\/\/www.sinpeks.com\/rs\/p\/setvospremac-zamidis-20m-sa-daskom-zeus-r-200\/"},"modified":"2026-04-23T09:40:48","modified_gmt":"2026-04-23T09:40:48","slug":"setvospremac-zamidis-20m-sa-daskom-zeus-r-200","status":"publish","type":"product","link":"https:\/\/www.sinpeks.com\/rs\/p\/setvospremac-zamidis-20m-sa-daskom-zeus-r-200\/","title":{"rendered":"Setvosprema\u010d Zamidis 2,0m sa daskom ZEUS R-200"},"content":{"rendered":"<p>Setvosprema\u010d \u201eZEUS-R\u201c je najmanja serija kultivatora. Njen zadatak je da zadovolji potrebe malih traktora i zemlji\u0161ta. Re\u010d je o ma\u0161inama sa fiksnim ramom, radne dubine do 22cm, radne \u0161irine od 2m.<\/p>\n","protected":false},"excerpt":{"rendered":"<p>Setvosprema\u010d \u201eZEUS-R\u201c je najmanja serija kultivatora. Njen zadatak je da zadovolji potrebe malih traktora i zemlji\u0161ta. Re\u010d je o ma\u0161inama sa fiksnim ramom, radne dubine do 22cm, radne \u0161irine od 2m.<\/p>\n","protected":false},"featured_media":19028,"comment_status":"open","ping_status":"closed","template":"","meta":{"_acf_changed":false},"product_cat":[86],"product_tag":[],"class_list":{"0":"post-18861","1":"product","2":"type-product","3":"status-publish","4":"has-post-thumbnail","6":"product_cat-setvospremaci","7":"product_shipping_class-ostale-kategorije-makedonija","8":"pa_b-zamidis","9":"pa_broj-radnih-tela-4254","10":"pa_market-ba","11":"pa_market-mk","12":"pa_market-rs","13":"pa_min-snaga-traktora-50-ks","14":"pa_radna-dubina-22-cm","15":"pa_radna-sirina-200-cm","17":"first","18":"instock","19":"sale","20":"taxable","21":"shipping-taxable","22":"purchasable","23":"product-type-simple"},"acf":[],"seolaxy_ctr_woo_product_custom_meta_description_content":"","_links":{"self":[{"href":"https:\/\/www.sinpeks.com\/rs\/wp-json\/wp\/v2\/product\/18861","targetHints":{"allow":["GET"]}}],"collection":[{"href":"https:\/\/www.sinpeks.com\/rs\/wp-json\/wp\/v2\/product"}],"about":[{"href":"https:\/\/www.sinpeks.com\/rs\/wp-json\/wp\/v2\/types\/product"}],"replies":[{"embeddable":true,"href":"https:\/\/www.sinpeks.com\/rs\/wp-json\/wp\/v2\/comments?post=18861"}],"wp:featuredmedia":[{"embeddable":true,"href":"https:\/\/www.sinpeks.com\/rs\/wp-json\/wp\/v2\/media\/19028"}],"wp:attachment":[{"href":"https:\/\/www.sinpeks.com\/rs\/wp-json\/wp\/v2\/media?parent=18861"}],"wp:term":[{"taxonomy":"product_cat","embeddable":true,"href":"https:\/\/www.sinpeks.com\/rs\/wp-json\/wp\/v2\/product_cat?post=18861"},{"taxonomy":"product_tag","embeddable":true,"href":"https:\/\/www.sinpeks.com\/rs\/wp-json\/wp\/v2\/product_tag?post=18861"}],"curies":[{"name":"wp","href":"https:\/\/api.w.org\/{rel}","templated":true}]}}