{"id":18859,"date":"2025-05-22T09:59:39","date_gmt":"2025-05-22T09:59:39","guid":{"rendered":"https:\/\/www.sinpeks.com\/rs\/p\/setvospremac-32-m-sa-dvostrukim-rotorom-i-hidraulikom\/"},"modified":"2026-04-23T09:36:35","modified_gmt":"2026-04-23T09:36:35","slug":"setvospremac-32-m-sa-dvostrukim-rotorom-i-hidraulikom","status":"publish","type":"product","link":"https:\/\/www.sinpeks.com\/rs\/p\/setvospremac-32-m-sa-dvostrukim-rotorom-i-hidraulikom\/","title":{"rendered":"Setvosprema\u010d 3,2 m sa dvostrukim rotorom i hidraulikom"},"content":{"rendered":"<p>Ma\u0161ina 3,2m koja se montira na traktor i koristi se za obra\u0111ivanje zemlji\u0161ta i njegovu pripremu pre setve i sadnje.<\/p>\n<p>*Fotografija je reprezentativne prirode.<\/p>\n","protected":false},"excerpt":{"rendered":"<p>Ma\u0161ina 3,2m koja se montira na traktor i koristi se za obra\u0111ivanje zemlji\u0161ta i njegovu pripremu pre setve i sadnje. *Fotografija je reprezentativne prirode.<\/p>\n","protected":false},"featured_media":18995,"comment_status":"open","ping_status":"closed","template":"","meta":{"_acf_changed":false},"product_cat":[86],"product_tag":[],"class_list":{"0":"post-18859","1":"product","2":"type-product","3":"status-publish","4":"has-post-thumbnail","6":"product_cat-setvospremaci","7":"product_shipping_class-ostale-kategorije-makedonija","8":"pa_b-semaljevic","9":"pa_broj-radnih-tela-4251","10":"pa_market-ba","11":"pa_market-mk","12":"pa_market-rs","13":"pa_radna-sirina-320-cm","15":"first","16":"instock","17":"sale","18":"taxable","19":"shipping-taxable","20":"purchasable","21":"product-type-simple"},"acf":[],"seolaxy_ctr_woo_product_custom_meta_description_content":"","_links":{"self":[{"href":"https:\/\/www.sinpeks.com\/rs\/wp-json\/wp\/v2\/product\/18859","targetHints":{"allow":["GET"]}}],"collection":[{"href":"https:\/\/www.sinpeks.com\/rs\/wp-json\/wp\/v2\/product"}],"about":[{"href":"https:\/\/www.sinpeks.com\/rs\/wp-json\/wp\/v2\/types\/product"}],"replies":[{"embeddable":true,"href":"https:\/\/www.sinpeks.com\/rs\/wp-json\/wp\/v2\/comments?post=18859"}],"wp:featuredmedia":[{"embeddable":true,"href":"https:\/\/www.sinpeks.com\/rs\/wp-json\/wp\/v2\/media\/18995"}],"wp:attachment":[{"href":"https:\/\/www.sinpeks.com\/rs\/wp-json\/wp\/v2\/media?parent=18859"}],"wp:term":[{"taxonomy":"product_cat","embeddable":true,"href":"https:\/\/www.sinpeks.com\/rs\/wp-json\/wp\/v2\/product_cat?post=18859"},{"taxonomy":"product_tag","embeddable":true,"href":"https:\/\/www.sinpeks.com\/rs\/wp-json\/wp\/v2\/product_tag?post=18859"}],"curies":[{"name":"wp","href":"https:\/\/api.w.org\/{rel}","templated":true}]}}