{"id":18857,"date":"2025-05-22T09:59:31","date_gmt":"2025-05-22T09:59:31","guid":{"rendered":"https:\/\/www.sinpeks.com\/rs\/p\/setvospremac-26-m-sa-dvostrukim-rotorom-i-daskom\/"},"modified":"2026-01-21T11:30:30","modified_gmt":"2026-01-21T11:30:30","slug":"setvospremac-26-m-sa-dvostrukim-rotorom-i-daskom","status":"publish","type":"product","link":"https:\/\/www.sinpeks.com\/rs\/p\/setvospremac-26-m-sa-dvostrukim-rotorom-i-daskom\/","title":{"rendered":"Setvosprema\u010d 2,6 m sa dvostrukim rotorom i daskom"},"content":{"rendered":"<p>Ma\u0161ina 2,6m koja se montira na traktor i koristi se za obra\u0111ivanje zemlji\u0161ta i njegovu pripremu pre setve i sadnje.<\/p>\n<p>*Fotografija je reprezentativne prirode.<\/p>\n","protected":false},"excerpt":{"rendered":"<p>Ma\u0161ina 2,6m koja se montira na traktor i koristi se za obra\u0111ivanje zemlji\u0161ta i njegovu pripremu pre setve i sadnje. *Fotografija je reprezentativne prirode.<\/p>\n","protected":false},"featured_media":18982,"comment_status":"open","ping_status":"closed","template":"","meta":{"_acf_changed":false},"product_cat":[86],"product_tag":[],"class_list":{"0":"post-18857","1":"product","2":"type-product","3":"status-publish","4":"has-post-thumbnail","6":"product_cat-setvospremaci","7":"product_shipping_class-ostale-kategorije-makedonija","8":"pa_b-semaljevic","9":"pa_broj-radnih-tela-4250","10":"pa_market-ba","11":"pa_market-mk","12":"pa_market-rs","13":"pa_radna-sirina-260-cm","15":"first","16":"instock","17":"sale","18":"taxable","19":"shipping-taxable","20":"purchasable","21":"product-type-simple"},"acf":[],"seolaxy_ctr_woo_product_custom_meta_description_content":"","_links":{"self":[{"href":"https:\/\/www.sinpeks.com\/rs\/wp-json\/wp\/v2\/product\/18857","targetHints":{"allow":["GET"]}}],"collection":[{"href":"https:\/\/www.sinpeks.com\/rs\/wp-json\/wp\/v2\/product"}],"about":[{"href":"https:\/\/www.sinpeks.com\/rs\/wp-json\/wp\/v2\/types\/product"}],"replies":[{"embeddable":true,"href":"https:\/\/www.sinpeks.com\/rs\/wp-json\/wp\/v2\/comments?post=18857"}],"wp:featuredmedia":[{"embeddable":true,"href":"https:\/\/www.sinpeks.com\/rs\/wp-json\/wp\/v2\/media\/18982"}],"wp:attachment":[{"href":"https:\/\/www.sinpeks.com\/rs\/wp-json\/wp\/v2\/media?parent=18857"}],"wp:term":[{"taxonomy":"product_cat","embeddable":true,"href":"https:\/\/www.sinpeks.com\/rs\/wp-json\/wp\/v2\/product_cat?post=18857"},{"taxonomy":"product_tag","embeddable":true,"href":"https:\/\/www.sinpeks.com\/rs\/wp-json\/wp\/v2\/product_tag?post=18857"}],"curies":[{"name":"wp","href":"https:\/\/api.w.org\/{rel}","templated":true}]}}