{"id":18854,"date":"2025-05-22T09:59:22","date_gmt":"2025-05-22T09:59:22","guid":{"rendered":"https:\/\/www.sinpeks.com\/rs\/p\/setvospremac-2-0m-agrobar\/"},"modified":"2026-01-13T11:33:16","modified_gmt":"2026-01-13T11:33:16","slug":"setvospremac-2-0m-agrobar","status":"publish","type":"product","link":"https:\/\/www.sinpeks.com\/rs\/p\/setvospremac-2-0m-agrobar\/","title":{"rendered":"Setvosprema\u010d 2.0m Agrobar"},"content":{"rendered":"<p>Ma\u0161ina koja se montira na traktor i koristi se za obra\u0111ivanje zemlji\u0161ta i njegovu pripremu pre setve i sadnje.<\/p>\n","protected":false},"excerpt":{"rendered":"<p>Ma\u0161ina koja se montira na traktor i koristi se za obra\u0111ivanje zemlji\u0161ta i njegovu pripremu pre setve i sadnje.<\/p>\n","protected":false},"featured_media":18948,"comment_status":"open","ping_status":"closed","template":"","meta":{"_acf_changed":false},"product_cat":[86],"product_tag":[],"class_list":{"0":"post-18854","1":"product","2":"type-product","3":"status-publish","4":"has-post-thumbnail","6":"product_cat-setvospremaci","7":"product_shipping_class-ostale-kategorije-makedonija","8":"pa_b-agrobar","9":"pa_broj-radnih-tela-3865","10":"pa_market-ba","11":"pa_market-mk","12":"pa_market-rs","13":"pa_min-snaga-traktora-40-50-ks","14":"pa_radna-dubina-10-cm","15":"pa_radna-sirina-200-cm","17":"first","18":"outofstock","19":"sale","20":"taxable","21":"shipping-taxable","22":"purchasable","23":"product-type-simple"},"acf":[],"seolaxy_ctr_woo_product_custom_meta_description_content":"","_links":{"self":[{"href":"https:\/\/www.sinpeks.com\/rs\/wp-json\/wp\/v2\/product\/18854","targetHints":{"allow":["GET"]}}],"collection":[{"href":"https:\/\/www.sinpeks.com\/rs\/wp-json\/wp\/v2\/product"}],"about":[{"href":"https:\/\/www.sinpeks.com\/rs\/wp-json\/wp\/v2\/types\/product"}],"replies":[{"embeddable":true,"href":"https:\/\/www.sinpeks.com\/rs\/wp-json\/wp\/v2\/comments?post=18854"}],"wp:featuredmedia":[{"embeddable":true,"href":"https:\/\/www.sinpeks.com\/rs\/wp-json\/wp\/v2\/media\/18948"}],"wp:attachment":[{"href":"https:\/\/www.sinpeks.com\/rs\/wp-json\/wp\/v2\/media?parent=18854"}],"wp:term":[{"taxonomy":"product_cat","embeddable":true,"href":"https:\/\/www.sinpeks.com\/rs\/wp-json\/wp\/v2\/product_cat?post=18854"},{"taxonomy":"product_tag","embeddable":true,"href":"https:\/\/www.sinpeks.com\/rs\/wp-json\/wp\/v2\/product_tag?post=18854"}],"curies":[{"name":"wp","href":"https:\/\/api.w.org\/{rel}","templated":true}]}}