{"id":18849,"date":"2025-05-22T09:59:00","date_gmt":"2025-05-22T09:59:00","guid":{"rendered":"https:\/\/www.sinpeks.com\/rs\/p\/plug-541-brazdni-14-inca-unlu-rotacioni-sa-mehanickim-podesavanjem-120x120-91\/"},"modified":"2026-01-13T12:42:27","modified_gmt":"2026-01-13T12:42:27","slug":"plug-541-brazdni-14-inca-unlu-rotacioni-sa-mehanickim-podesavanjem-120x120-91","status":"publish","type":"product","link":"https:\/\/www.sinpeks.com\/rs\/p\/plug-541-brazdni-14-inca-unlu-rotacioni-sa-mehanickim-podesavanjem-120x120-91\/","title":{"rendered":"Plug 5(4+1) brazdni, 14 in\u010da Unlu, rotacioni sa mehani\u010dkim pode\u0161avanjem, 120&#215;120, 91"},"content":{"rendered":"<p>No\u0161eni reverzibilni plugovi su idealni za srednje do velike povr\u0161ine i srednju\/veliku snagu traktora. Zahvaljujuc\u0301i robusnom dizajnu, pomoc\u0301i c\u0301e vam da obavljate stabilnu obradu po celom polju. Lako se nose na putu i \u200b\u200bvan njega. Reverzibilna tehnologija vam poma\u017ee da obavljate dvosmernu obradu. Model vam nudi nekoliko opcija kao \u0161to su mehani\u010dki\/hidrauli\u010dni ugao.<\/p>\n","protected":false},"excerpt":{"rendered":"<p>No\u0161eni reverzibilni plugovi su idealni za srednje do velike povr\u0161ine i srednju\/veliku snagu traktora. Zahvaljujuc\u0301i robusnom dizajnu, pomoc\u0301i c\u0301e vam da obavljate stabilnu obradu po celom polju. Lako se nose na putu i \u200b\u200bvan njega. Reverzibilna tehnologija vam poma\u017ee da obavljate dvosmernu obradu. Model vam nudi nekoliko opcija kao \u0161to su mehani\u010dki\/hidrauli\u010dni ugao.<\/p>\n","protected":false},"featured_media":19036,"comment_status":"open","ping_status":"closed","template":"","meta":{"_acf_changed":false},"product_cat":[77],"product_tag":[],"class_list":{"0":"post-18849","1":"product","2":"type-product","3":"status-publish","4":"has-post-thumbnail","6":"product_cat-plugovi","7":"product_shipping_class-ostale-kategorije-makedonija","8":"pa_b-unlu","9":"pa_broj-brazdi-petobrazdni","10":"pa_market-ba","11":"pa_market-mk","12":"pa_market-rs","13":"pa_min-snaga-traktora-115-155-ks","15":"first","16":"outofstock","17":"sale","18":"taxable","19":"shipping-taxable","20":"purchasable","21":"product-type-simple"},"acf":[],"seolaxy_ctr_woo_product_custom_meta_description_content":"","_links":{"self":[{"href":"https:\/\/www.sinpeks.com\/rs\/wp-json\/wp\/v2\/product\/18849","targetHints":{"allow":["GET"]}}],"collection":[{"href":"https:\/\/www.sinpeks.com\/rs\/wp-json\/wp\/v2\/product"}],"about":[{"href":"https:\/\/www.sinpeks.com\/rs\/wp-json\/wp\/v2\/types\/product"}],"replies":[{"embeddable":true,"href":"https:\/\/www.sinpeks.com\/rs\/wp-json\/wp\/v2\/comments?post=18849"}],"wp:featuredmedia":[{"embeddable":true,"href":"https:\/\/www.sinpeks.com\/rs\/wp-json\/wp\/v2\/media\/19036"}],"wp:attachment":[{"href":"https:\/\/www.sinpeks.com\/rs\/wp-json\/wp\/v2\/media?parent=18849"}],"wp:term":[{"taxonomy":"product_cat","embeddable":true,"href":"https:\/\/www.sinpeks.com\/rs\/wp-json\/wp\/v2\/product_cat?post=18849"},{"taxonomy":"product_tag","embeddable":true,"href":"https:\/\/www.sinpeks.com\/rs\/wp-json\/wp\/v2\/product_tag?post=18849"}],"curies":[{"name":"wp","href":"https:\/\/api.w.org\/{rel}","templated":true}]}}