{"id":18848,"date":"2025-05-22T09:58:57","date_gmt":"2025-05-22T09:58:57","guid":{"rendered":"https:\/\/www.sinpeks.com\/rs\/p\/plug-651-brazdni-14-inca-unlu-rotacioni-sa-mehanickim-podesavanjem-140x140-91\/"},"modified":"2026-01-13T12:42:27","modified_gmt":"2026-01-13T12:42:27","slug":"plug-651-brazdni-14-inca-unlu-rotacioni-sa-mehanickim-podesavanjem-140x140-91","status":"publish","type":"product","link":"https:\/\/www.sinpeks.com\/rs\/p\/plug-651-brazdni-14-inca-unlu-rotacioni-sa-mehanickim-podesavanjem-140x140-91\/","title":{"rendered":"Plug 6(5+1) brazdni, 14 in\u010da Unlu, rotacioni sa mehani\u010dkim pode\u0161avanjem, 140&#215;140, 91"},"content":{"rendered":"<p>Srednje do lagani konvencionalni plugovi koji se nose omoguc\u0301avaju jednostavnu i prakti\u010dnu poljoprivrednu praksu. UNLU plug sa sistemom ka\u010denja u tri ta\u010dke omoguc\u0301ava lako priklju\u010divanje na razli\u010dite tipove traktora. Dizajniran je za jednosmernu i laku poljoprivredu za male i srednje parcele. Na\u0161i plugovi su napravljeni za moderne poljoprivrednike fokusirane na profesionalnu poljoprivredu, sa korisnom opremom i niskim tro\u0161kovima. To smo postigli zahvaljujuc\u0301i na\u0161em jedinstvenom dizajnu, koji smo kreirali vodec\u0301i ra\u010duna i o najsitnijim detaljima. Pored toga, plugovi, koji su podvrgnuti termi\u010dkoj obradi tokom faze proizvodnje, pru\u017eaju dugoro\u010dnu uslugu na\u0161im kupcima.<\/p>\n","protected":false},"excerpt":{"rendered":"<p>Srednje do lagani konvencionalni plugovi koji se nose omoguc\u0301avaju jednostavnu i prakti\u010dnu poljoprivrednu praksu. UNLU plug sa sistemom ka\u010denja u tri ta\u010dke omoguc\u0301ava lako priklju\u010divanje na razli\u010dite tipove traktora. Dizajniran je za jednosmernu i laku poljoprivredu za male i srednje parcele. Na\u0161i plugovi su napravljeni za moderne poljoprivrednike fokusirane na profesionalnu poljoprivredu, sa korisnom opremom [&hellip;]<\/p>\n","protected":false},"featured_media":19035,"comment_status":"open","ping_status":"closed","template":"","meta":{"_acf_changed":false},"product_cat":[77],"product_tag":[],"class_list":{"0":"post-18848","1":"product","2":"type-product","3":"status-publish","4":"has-post-thumbnail","6":"product_cat-plugovi","7":"product_shipping_class-ostale-kategorije-makedonija","8":"pa_b-unlu","9":"pa_broj-brazdi-sestobrazdni","10":"pa_market-ba","11":"pa_market-mk","12":"pa_market-rs","13":"pa_min-snaga-traktora-140-180-ks","15":"first","16":"outofstock","17":"sale","18":"taxable","19":"shipping-taxable","20":"purchasable","21":"product-type-simple"},"acf":[],"seolaxy_ctr_woo_product_custom_meta_description_content":"","_links":{"self":[{"href":"https:\/\/www.sinpeks.com\/rs\/wp-json\/wp\/v2\/product\/18848","targetHints":{"allow":["GET"]}}],"collection":[{"href":"https:\/\/www.sinpeks.com\/rs\/wp-json\/wp\/v2\/product"}],"about":[{"href":"https:\/\/www.sinpeks.com\/rs\/wp-json\/wp\/v2\/types\/product"}],"replies":[{"embeddable":true,"href":"https:\/\/www.sinpeks.com\/rs\/wp-json\/wp\/v2\/comments?post=18848"}],"wp:featuredmedia":[{"embeddable":true,"href":"https:\/\/www.sinpeks.com\/rs\/wp-json\/wp\/v2\/media\/19035"}],"wp:attachment":[{"href":"https:\/\/www.sinpeks.com\/rs\/wp-json\/wp\/v2\/media?parent=18848"}],"wp:term":[{"taxonomy":"product_cat","embeddable":true,"href":"https:\/\/www.sinpeks.com\/rs\/wp-json\/wp\/v2\/product_cat?post=18848"},{"taxonomy":"product_tag","embeddable":true,"href":"https:\/\/www.sinpeks.com\/rs\/wp-json\/wp\/v2\/product_tag?post=18848"}],"curies":[{"name":"wp","href":"https:\/\/api.w.org\/{rel}","templated":true}]}}