{"id":18846,"date":"2025-05-22T09:58:51","date_gmt":"2025-05-22T09:58:51","guid":{"rendered":"https:\/\/www.sinpeks.com\/rs\/p\/plug-5-brazdni-14-inca-unlu-mehanicki-120x120\/"},"modified":"2026-02-02T15:22:08","modified_gmt":"2026-02-02T15:22:08","slug":"plug-5-brazdni-14-inca-unlu-mehanicki-120x120","status":"publish","type":"product","link":"https:\/\/www.sinpeks.com\/rs\/p\/plug-5-brazdni-14-inca-unlu-mehanicki-120x120\/","title":{"rendered":"Plug 5 brazdni, 14 in\u010da Unlu &#8211; mehani\u010dki 120&#215;120"},"content":{"rendered":"<p>Srednje do lagane no\u0161ene konvencionalne plugove omoguc\u0301avaju jednostavnu i prakti\u010dnu poljoprivrednu praksu, omoguc\u0301avaju jednosmerno oranje. Ru\u010dni sistem za pode\u0161avanje \u0161irine. Izuzetno izdr\u017eljivo nano\u0161enje elektrostati\u010dkog pra\u0161kastog premaza. Dizajnirano za mala do srednja zemlji\u0161ta na jednosmernom i laganom oranje. U\u0161teda dodatne te\u017eine kori\u0161c\u0301enjem odgovarajuc\u0301eg glavnog rama. Be\u0161avni \u010deli\u010dni ram (bez zavarivanja). Opcionalna letvi\u010dasta daska za zemlji\u0161te sa visokim sadr\u017eajem gline i odli\u010dno zakopavanje ostataka useva. Produ\u017eeni vek trajanja zahvaljujuc\u0301i \u00dcNL\u00dc tehnologiji termi\u010dke obrade \u010delika.<\/p>\n","protected":false},"excerpt":{"rendered":"<p>Srednje do lagane no\u0161ene konvencionalne plugove omoguc\u0301avaju jednostavnu i prakti\u010dnu poljoprivrednu praksu, omoguc\u0301avaju jednosmerno oranje. Ru\u010dni sistem za pode\u0161avanje \u0161irine. Izuzetno izdr\u017eljivo nano\u0161enje elektrostati\u010dkog pra\u0161kastog premaza. Dizajnirano za mala do srednja zemlji\u0161ta na jednosmernom i laganom oranje. U\u0161teda dodatne te\u017eine kori\u0161c\u0301enjem odgovarajuc\u0301eg glavnog rama. Be\u0161avni \u010deli\u010dni ram (bez zavarivanja). Opcionalna letvi\u010dasta daska za zemlji\u0161te sa [&hellip;]<\/p>\n","protected":false},"featured_media":18911,"comment_status":"open","ping_status":"closed","template":"","meta":{"_acf_changed":false},"product_cat":[77],"product_tag":[],"class_list":{"0":"post-18846","1":"product","2":"type-product","3":"status-publish","4":"has-post-thumbnail","6":"product_cat-plugovi","7":"product_shipping_class-ostale-kategorije-makedonija","8":"pa_b-unlu","9":"pa_broj-brazdi-petobrazdni","10":"pa_market-ba","11":"pa_market-mk","12":"pa_market-rs","13":"pa_min-snaga-traktora-110-145-ks","15":"first","16":"outofstock","17":"sale","18":"taxable","19":"shipping-taxable","20":"purchasable","21":"product-type-simple"},"acf":[],"seolaxy_ctr_woo_product_custom_meta_description_content":"","_links":{"self":[{"href":"https:\/\/www.sinpeks.com\/rs\/wp-json\/wp\/v2\/product\/18846","targetHints":{"allow":["GET"]}}],"collection":[{"href":"https:\/\/www.sinpeks.com\/rs\/wp-json\/wp\/v2\/product"}],"about":[{"href":"https:\/\/www.sinpeks.com\/rs\/wp-json\/wp\/v2\/types\/product"}],"replies":[{"embeddable":true,"href":"https:\/\/www.sinpeks.com\/rs\/wp-json\/wp\/v2\/comments?post=18846"}],"wp:featuredmedia":[{"embeddable":true,"href":"https:\/\/www.sinpeks.com\/rs\/wp-json\/wp\/v2\/media\/18911"}],"wp:attachment":[{"href":"https:\/\/www.sinpeks.com\/rs\/wp-json\/wp\/v2\/media?parent=18846"}],"wp:term":[{"taxonomy":"product_cat","embeddable":true,"href":"https:\/\/www.sinpeks.com\/rs\/wp-json\/wp\/v2\/product_cat?post=18846"},{"taxonomy":"product_tag","embeddable":true,"href":"https:\/\/www.sinpeks.com\/rs\/wp-json\/wp\/v2\/product_tag?post=18846"}],"curies":[{"name":"wp","href":"https:\/\/api.w.org\/{rel}","templated":true}]}}