{"id":18845,"date":"2025-05-22T09:58:27","date_gmt":"2025-05-22T09:58:27","guid":{"rendered":"https:\/\/www.sinpeks.com\/rs\/p\/plug-3-brazdni-14-inca-unlu\/"},"modified":"2026-04-23T09:27:02","modified_gmt":"2026-04-23T09:27:02","slug":"plug-3-brazdni-14-inca-unlu","status":"publish","type":"product","link":"https:\/\/www.sinpeks.com\/rs\/p\/plug-3-brazdni-14-inca-unlu\/","title":{"rendered":"Plug 3 brazdni, 14 in\u010da Unlu"},"content":{"rendered":"<p>Klasi\u010dni klinasti plug, fiksno telo za \u010dvrsto oranje, veoma izdr\u017eljiv elektrostati\u010dki premaz pra\u0161kastim premazom, dizajniran za mala zemlji\u0161ta na jednosmernom i laganom oranju.<br \/>\nProdu\u017eeni vek trajanja zahvaljujuc\u0301i \u00dcNL\u00dc tehnologiji termi\u010dke obrade \u010delika.<\/p>\n","protected":false},"excerpt":{"rendered":"<p>Klasi\u010dni klinasti plug, fiksno telo za \u010dvrsto oranje, veoma izdr\u017eljiv elektrostati\u010dki premaz pra\u0161kastim premazom, dizajniran za mala zemlji\u0161ta na jednosmernom i laganom oranju. Produ\u017eeni vek trajanja zahvaljujuc\u0301i \u00dcNL\u00dc tehnologiji termi\u010dke obrade \u010delika.<\/p>\n","protected":false},"featured_media":18893,"comment_status":"open","ping_status":"closed","template":"","meta":{"_acf_changed":false},"product_cat":[77],"product_tag":[],"class_list":{"0":"post-18845","1":"product","2":"type-product","3":"status-publish","4":"has-post-thumbnail","6":"product_cat-plugovi","7":"product_shipping_class-ostale-kategorije-makedonija","8":"pa_b-unlu","9":"pa_broj-brazdi-trobrazdni","10":"pa_market-ba","11":"pa_market-mk","12":"pa_market-rs","13":"pa_min-snaga-traktora-60-75-ks","15":"first","16":"instock","17":"sale","18":"taxable","19":"shipping-taxable","20":"purchasable","21":"product-type-simple"},"acf":[],"seolaxy_ctr_woo_product_custom_meta_description_content":"","_links":{"self":[{"href":"https:\/\/www.sinpeks.com\/rs\/wp-json\/wp\/v2\/product\/18845","targetHints":{"allow":["GET"]}}],"collection":[{"href":"https:\/\/www.sinpeks.com\/rs\/wp-json\/wp\/v2\/product"}],"about":[{"href":"https:\/\/www.sinpeks.com\/rs\/wp-json\/wp\/v2\/types\/product"}],"replies":[{"embeddable":true,"href":"https:\/\/www.sinpeks.com\/rs\/wp-json\/wp\/v2\/comments?post=18845"}],"wp:featuredmedia":[{"embeddable":true,"href":"https:\/\/www.sinpeks.com\/rs\/wp-json\/wp\/v2\/media\/18893"}],"wp:attachment":[{"href":"https:\/\/www.sinpeks.com\/rs\/wp-json\/wp\/v2\/media?parent=18845"}],"wp:term":[{"taxonomy":"product_cat","embeddable":true,"href":"https:\/\/www.sinpeks.com\/rs\/wp-json\/wp\/v2\/product_cat?post=18845"},{"taxonomy":"product_tag","embeddable":true,"href":"https:\/\/www.sinpeks.com\/rs\/wp-json\/wp\/v2\/product_tag?post=18845"}],"curies":[{"name":"wp","href":"https:\/\/api.w.org\/{rel}","templated":true}]}}