{"id":18767,"date":"2025-05-12T08:54:14","date_gmt":"2025-05-12T08:54:14","guid":{"rendered":"https:\/\/www.sinpeks.com\/rs\/?post_type=product&#038;p=18767"},"modified":"2026-01-13T11:15:02","modified_gmt":"2026-01-13T11:15:02","slug":"berac-lesnika-kefeli-1500","status":"publish","type":"product","link":"https:\/\/www.sinpeks.com\/rs\/p\/berac-lesnika-kefeli-1500\/","title":{"rendered":"Bera\u010d le\u0161nika KEFELI 1500"},"content":{"rendered":"<p>Mehani\u010dki sakuplja\u010d le\u0161njika, kestena, badema, oraha itd. Najbolje radi na ravnim i blago naklonjenim terenima. Sakuplja\u010d KEFELI model 1500TT ima 3 spirale (1 sito za \u010de\u0161ljanje, 1<br \/>\nsito za granulaciju, 1 sito za transport). Taj model ima funkciju sakupljanja i nekoliko okomu\u0161a lje\u0161nik. Vi\u0161e spirala zna\u010di da bolje obavija le\u0161nik.<\/p>\n","protected":false},"excerpt":{"rendered":"<p>Mehani\u010dki sakuplja\u010d le\u0161njika, kestena, badema, oraha itd. Najbolje radi na ravnim i blago naklonjenim terenima. Sakuplja\u010d KEFELI model 1500TT ima 3 spirale (1 sito za \u010de\u0161ljanje, 1 sito za granulaciju, 1 sito za transport). Taj model ima funkciju sakupljanja i nekoliko okomu\u0161a lje\u0161nik. Vi\u0161e spirala zna\u010di da bolje obavija le\u0161nik.<\/p>\n","protected":false},"featured_media":19127,"comment_status":"closed","ping_status":"closed","template":"","meta":{"_acf_changed":false},"product_cat":[194],"product_tag":[],"class_list":{"0":"post-18767","1":"product","2":"type-product","3":"status-publish","4":"has-post-thumbnail","6":"product_cat-branje-i-ciscenje-lesnika","7":"product_shipping_class-ostale-kategorije-makedonija","8":"pa_b-kefeli-tarim","9":"pa_market-ba","10":"pa_market-mk","11":"pa_market-rs","12":"pa_min-snaga-traktora-28-ks","13":"pa_radna-sirina-150-cm","15":"first","16":"outofstock","17":"sale","18":"taxable","19":"shipping-taxable","20":"purchasable","21":"product-type-simple"},"acf":[],"seolaxy_ctr_woo_product_custom_meta_description_content":"","_links":{"self":[{"href":"https:\/\/www.sinpeks.com\/rs\/wp-json\/wp\/v2\/product\/18767","targetHints":{"allow":["GET"]}}],"collection":[{"href":"https:\/\/www.sinpeks.com\/rs\/wp-json\/wp\/v2\/product"}],"about":[{"href":"https:\/\/www.sinpeks.com\/rs\/wp-json\/wp\/v2\/types\/product"}],"replies":[{"embeddable":true,"href":"https:\/\/www.sinpeks.com\/rs\/wp-json\/wp\/v2\/comments?post=18767"}],"wp:featuredmedia":[{"embeddable":true,"href":"https:\/\/www.sinpeks.com\/rs\/wp-json\/wp\/v2\/media\/19127"}],"wp:attachment":[{"href":"https:\/\/www.sinpeks.com\/rs\/wp-json\/wp\/v2\/media?parent=18767"}],"wp:term":[{"taxonomy":"product_cat","embeddable":true,"href":"https:\/\/www.sinpeks.com\/rs\/wp-json\/wp\/v2\/product_cat?post=18767"},{"taxonomy":"product_tag","embeddable":true,"href":"https:\/\/www.sinpeks.com\/rs\/wp-json\/wp\/v2\/product_tag?post=18767"}],"curies":[{"name":"wp","href":"https:\/\/api.w.org\/{rel}","templated":true}]}}