{"id":18657,"date":"2025-04-30T13:29:28","date_gmt":"2025-04-30T13:29:28","guid":{"rendered":"https:\/\/www.sinpeks.com\/rs\/p\/akumulatorska-teleskopska-testera-cramer-82-ps\/"},"modified":"2026-05-04T20:06:03","modified_gmt":"2026-05-04T20:06:03","slug":"akumulatorska-teleskopska-testera-cramer-82-ps","status":"publish","type":"product","link":"https:\/\/www.sinpeks.com\/rs\/p\/akumulatorska-teleskopska-testera-cramer-82-ps\/","title":{"rendered":"Akumulatorska teleskopska testera Cramer 82 PS"},"content":{"rendered":"<p>Akumulatorska teleskopska testera vrhunskog proizvo\u0111a\u010da Cramer opremljena sna\u017enim motorom bez \u010detkica od 800 W.<\/p>\n","protected":false},"excerpt":{"rendered":"<p>Akumulatorska teleskopska testera vrhunskog proizvo\u0111a\u010da Cramer opremljena sna\u017enim motorom bez \u010detkica od 800 W.<\/p>\n","protected":false},"featured_media":18669,"comment_status":"open","ping_status":"closed","template":"","meta":{"_acf_changed":false},"product_cat":[181],"product_tag":[],"class_list":{"0":"post-18657","1":"product","2":"type-product","3":"status-publish","4":"has-post-thumbnail","6":"product_cat-testere-za-grane","7":"product_shipping_class-alati-masine-makedonija","8":"pa_b-cramer","9":"pa_duzina-maca-25-cm-10","10":"pa_market-ba","11":"pa_market-mk","12":"pa_market-rs","13":"pa_snaga-motora-800-w","14":"pa_tip-baterije-82v-li-ion-cramer","16":"first","17":"outofstock","18":"sale","19":"taxable","20":"shipping-taxable","21":"purchasable","22":"product-type-simple"},"acf":[],"seolaxy_ctr_woo_product_custom_meta_description_content":"","_links":{"self":[{"href":"https:\/\/www.sinpeks.com\/rs\/wp-json\/wp\/v2\/product\/18657","targetHints":{"allow":["GET"]}}],"collection":[{"href":"https:\/\/www.sinpeks.com\/rs\/wp-json\/wp\/v2\/product"}],"about":[{"href":"https:\/\/www.sinpeks.com\/rs\/wp-json\/wp\/v2\/types\/product"}],"replies":[{"embeddable":true,"href":"https:\/\/www.sinpeks.com\/rs\/wp-json\/wp\/v2\/comments?post=18657"}],"wp:featuredmedia":[{"embeddable":true,"href":"https:\/\/www.sinpeks.com\/rs\/wp-json\/wp\/v2\/media\/18669"}],"wp:attachment":[{"href":"https:\/\/www.sinpeks.com\/rs\/wp-json\/wp\/v2\/media?parent=18657"}],"wp:term":[{"taxonomy":"product_cat","embeddable":true,"href":"https:\/\/www.sinpeks.com\/rs\/wp-json\/wp\/v2\/product_cat?post=18657"},{"taxonomy":"product_tag","embeddable":true,"href":"https:\/\/www.sinpeks.com\/rs\/wp-json\/wp\/v2\/product_tag?post=18657"}],"curies":[{"name":"wp","href":"https:\/\/api.w.org\/{rel}","templated":true}]}}