{"id":18655,"date":"2025-04-30T13:29:21","date_gmt":"2025-04-30T13:29:21","guid":{"rendered":"https:\/\/www.sinpeks.com\/rs\/p\/elektricna-testera-1800-w-uc4041a\/"},"modified":"2026-05-07T09:39:43","modified_gmt":"2026-05-07T09:39:43","slug":"elektricna-testera-1800-w-uc4041a","status":"publish","type":"product","link":"https:\/\/www.sinpeks.com\/rs\/p\/elektricna-testera-1800-w-uc4041a\/","title":{"rendered":"Elektri\u010dna testera 1800 W UC4041A"},"content":{"rendered":"<p>Moc\u0301na motorna testera od 1800 W sa ravnim okvirom i visokom efikasno\u0161c\u0301u se\u010denja. Opremljena funkcijom mekog starta, ovo je odli\u010dna testera za op\u0161tu upotrebu na poslu i kod kuc\u0301e. Se\u010divo od 16&#8243; \/ 40 cm i brzina lanca od 14,5 m\/s. Opremljena podesivom pumpom za ulje i pode\u0161avanjem zategnutosti bez alata.<\/p>\n","protected":false},"excerpt":{"rendered":"<p>Moc\u0301na motorna testera od 1800 W sa ravnim okvirom i visokom efikasno\u0161c\u0301u se\u010denja. Opremljena funkcijom mekog starta, ovo je odli\u010dna testera za op\u0161tu upotrebu na poslu i kod kuc\u0301e. Se\u010divo od 16&#8243; \/ 40 cm i brzina lanca od 14,5 m\/s. Opremljena podesivom pumpom za ulje i pode\u0161avanjem zategnutosti bez alata.<\/p>\n","protected":false},"featured_media":18667,"comment_status":"open","ping_status":"closed","template":"","meta":{"_acf_changed":false},"product_cat":[3459],"product_tag":[],"class_list":{"0":"post-18655","1":"product","2":"type-product","3":"status-publish","4":"has-post-thumbnail","6":"product_cat-elektricne-motorne-testere","7":"product_shipping_class-alati-masine-makedonija","8":"pa_b-makita","9":"pa_duzina-maca-40-cm-16","10":"pa_market-mk","11":"pa_market-rs","12":"pa_snaga-motora-1800-w","14":"first","15":"instock","16":"sale","17":"taxable","18":"shipping-taxable","19":"purchasable","20":"product-type-simple"},"acf":[],"seolaxy_ctr_woo_product_custom_meta_description_content":"","_links":{"self":[{"href":"https:\/\/www.sinpeks.com\/rs\/wp-json\/wp\/v2\/product\/18655","targetHints":{"allow":["GET"]}}],"collection":[{"href":"https:\/\/www.sinpeks.com\/rs\/wp-json\/wp\/v2\/product"}],"about":[{"href":"https:\/\/www.sinpeks.com\/rs\/wp-json\/wp\/v2\/types\/product"}],"replies":[{"embeddable":true,"href":"https:\/\/www.sinpeks.com\/rs\/wp-json\/wp\/v2\/comments?post=18655"}],"wp:featuredmedia":[{"embeddable":true,"href":"https:\/\/www.sinpeks.com\/rs\/wp-json\/wp\/v2\/media\/18667"}],"wp:attachment":[{"href":"https:\/\/www.sinpeks.com\/rs\/wp-json\/wp\/v2\/media?parent=18655"}],"wp:term":[{"taxonomy":"product_cat","embeddable":true,"href":"https:\/\/www.sinpeks.com\/rs\/wp-json\/wp\/v2\/product_cat?post=18655"},{"taxonomy":"product_tag","embeddable":true,"href":"https:\/\/www.sinpeks.com\/rs\/wp-json\/wp\/v2\/product_tag?post=18655"}],"curies":[{"name":"wp","href":"https:\/\/api.w.org\/{rel}","templated":true}]}}