{"id":18653,"date":"2025-04-30T13:29:14","date_gmt":"2025-04-30T13:29:14","guid":{"rendered":"https:\/\/www.sinpeks.com\/rs\/p\/akumulatorska-testera-duc355z\/"},"modified":"2026-01-13T11:29:12","modified_gmt":"2026-01-13T11:29:12","slug":"akumulatorska-testera-duc355z","status":"publish","type":"product","link":"https:\/\/www.sinpeks.com\/rs\/p\/akumulatorska-testera-duc355z\/","title":{"rendered":"Akumulatorska testera DUC355Z"},"content":{"rendered":"<p>Akumulatorska testera iz Makite idealna za kori\u0161\u0107enje u javnim prostorijama ili u stambenoj zoni, sa niskom emisijom buke, automatsko podmazivanje, zup\u010daste navrtke spre\u010davaju gubljenje navrtki, SafetyMatic ko\u010dnica lanca odmah zaustavlja lanac u slu\u010daju povratnog udarca, ergonomska prednja kru\u017ena dr\u0161ka. *Napomena: Ma\u0161ina je bez akumulatora i punja\u010da.<\/p>\n","protected":false},"excerpt":{"rendered":"<p>Akumulatorska testera iz Makite idealna za kori\u0161\u0107enje u javnim prostorijama ili u stambenoj zoni, sa niskom emisijom buke, automatsko podmazivanje, zup\u010daste navrtke spre\u010davaju gubljenje navrtki, SafetyMatic ko\u010dnica lanca odmah zaustavlja lanac u slu\u010daju povratnog udarca, ergonomska prednja kru\u017ena dr\u0161ka. *Napomena: Ma\u0161ina je bez akumulatora i punja\u010da.<\/p>\n","protected":false},"featured_media":18665,"comment_status":"open","ping_status":"closed","template":"","meta":{"_acf_changed":false},"product_cat":[3461],"product_tag":[],"class_list":{"0":"post-18653","1":"product","2":"type-product","3":"status-publish","4":"has-post-thumbnail","6":"product_cat-akumulatorske-motorne-testere","7":"product_shipping_class-alati-masine-makedonija","8":"pa_b-makita","9":"pa_duzina-maca-35-cm-14","10":"pa_market-mk","11":"pa_market-rs","12":"pa_snaga-motora-1100-w","13":"pa_tip-baterije-1818v-lxt","15":"first","16":"outofstock","17":"sale","18":"taxable","19":"shipping-taxable","20":"purchasable","21":"product-type-simple"},"acf":[],"seolaxy_ctr_woo_product_custom_meta_description_content":"","_links":{"self":[{"href":"https:\/\/www.sinpeks.com\/rs\/wp-json\/wp\/v2\/product\/18653","targetHints":{"allow":["GET"]}}],"collection":[{"href":"https:\/\/www.sinpeks.com\/rs\/wp-json\/wp\/v2\/product"}],"about":[{"href":"https:\/\/www.sinpeks.com\/rs\/wp-json\/wp\/v2\/types\/product"}],"replies":[{"embeddable":true,"href":"https:\/\/www.sinpeks.com\/rs\/wp-json\/wp\/v2\/comments?post=18653"}],"wp:featuredmedia":[{"embeddable":true,"href":"https:\/\/www.sinpeks.com\/rs\/wp-json\/wp\/v2\/media\/18665"}],"wp:attachment":[{"href":"https:\/\/www.sinpeks.com\/rs\/wp-json\/wp\/v2\/media?parent=18653"}],"wp:term":[{"taxonomy":"product_cat","embeddable":true,"href":"https:\/\/www.sinpeks.com\/rs\/wp-json\/wp\/v2\/product_cat?post=18653"},{"taxonomy":"product_tag","embeddable":true,"href":"https:\/\/www.sinpeks.com\/rs\/wp-json\/wp\/v2\/product_tag?post=18653"}],"curies":[{"name":"wp","href":"https:\/\/api.w.org\/{rel}","templated":true}]}}